{"id":28044,"date":"2022-09-20T09:10:04","date_gmt":"2022-09-20T09:10:04","guid":{"rendered":"https:\/\/www.lightsourcebp.com\/contact\/"},"modified":"2024-08-21T15:50:39","modified_gmt":"2024-08-21T15:50:39","slug":"contact","status":"publish","type":"page","link":"https:\/\/sandbox.lightsourcebp.com\/pl\/contact\/","title":{"rendered":"Skontaktuj si\u0119 z nami!"},"content":{"rendered":"<section class=\"block-page-title bg-color-white\">\n  <div class=\"pt-60 pt-lg-100\"><\/div>\n\n  <div class=\"container\">\n    <div class=\"row\">\n      <div class=\"col-12\">\n                <h1 class=\"fg-color-gradient\">Skontaktuj si\u0119 z nami!<\/h1>\n      <\/div>\n    <\/div>\n  <\/div>\n\n  <div class=\"pt-60 pt-lg-100\"><\/div>\n<\/section>\n  \n\n\n<section class=\"banner-single position-relative\">\n  <div class=\"container-fluid\">\n    <div class=\"row\">\n      <div class=\"col-12 px-0\">\n                <div class=\"position-relative w-100 h-100 aspect-ratio-banner object-fit-cover\">\n          <picture>\n                    <source srcset=\"https:\/\/assets.lightsourcebp.com\/app\/uploads\/2023\/01\/27074009\/contact-banner-1-aspect-ratio-450-490-2-450x490.jpg, https:\/\/assets.lightsourcebp.com\/app\/uploads\/2023\/01\/27074009\/contact-banner-1-aspect-ratio-450-490-2.jpg 2x\"\n                          media=\"(max-width: 575px)\">\n                    <source srcset=\"https:\/\/assets.lightsourcebp.com\/app\/uploads\/2022\/12\/26224516\/contact-banner-1-1000x417.jpg, https:\/\/assets.lightsourcebp.com\/app\/uploads\/2022\/12\/26224516\/contact-banner-1.jpg 2x\"\n                          media=\"(min-width: 576px) and (max-width: 991px)\">\n                    <source srcset=\"https:\/\/assets.lightsourcebp.com\/app\/uploads\/2022\/12\/26224516\/contact-banner-1.jpg, https:\/\/assets.lightsourcebp.com\/app\/uploads\/2022\/12\/26224516\/contact-banner-1.jpg 2x\"\n                          media=\"(min-width: 992px)\">\n                    <img loading=\"lazy\" decoding=\"async\" src=\"https:\/\/assets.lightsourcebp.com\/app\/uploads\/2022\/12\/26224516\/contact-banner-1.jpg\" alt=\"worker under solar panel\"\n                       srcset=\"https:\/\/assets.lightsourcebp.com\/app\/uploads\/2022\/12\/26224516\/contact-banner-1.jpg 2x\"\n                       sizes=\"auto, 100vw\"\n                       class=\"position-absolute w-100 h-100 left-0 top-0 object-fit-cover\"\n                       width=\"1920\"\n                       height=\"800\">\n                <\/picture>\n        <\/div>\n              <\/div>\n    <\/div>\n  <\/div>\n<\/section>\n\n\n<section class=\"fifty-fifty align block_acf-block-66c60cce61443 block bg-color-white position-relative z-1 overflow-hidden\">\n        <div class=\"pt-60 pt-lg-100\"><\/div>\n\n    \n    <div class=\"fifty-fifty__row\">\n      <div class=\"container \">\n        <div class=\"row align-items-center\">\n                      <div class=\"col-12 col-lg-6 align-self-start fifty-left d-flex flex-column order-2 order-lg-1\">\n                                                                  <h2 class=\"mb-20 \">Kariera<\/h2>\n                                                                                                                                                                <div class=\"flex flex-column w-100 line-height-level-6 mb-15 fifty-fifty__text font-size-paragraph-medium  fg-color-navy-text \">\n                    <p>Wybieraj\u0105c karier\u0119 w Lightsource bp, do\u0142\u0105czasz do zespo\u0142u, kt\u00f3remu naprawd\u0119 zale\u017cy na tworzeniu bardziej zr\u00f3wnowa\u017conej przysz\u0142o\u015bci poprzez realizacj\u0119 bezpiecznych i istotnych dla gospodarki projekt\u00f3w niskoemisyjnej energetyki.<\/p>\n\n                  <\/div>\n                                                                                                                                                                                  <div class=\"d-inline-flex w-100 button-container mb-15\">\n                    <a class=\"button button--gradient my-0 mr-auto\" href=\"https:\/\/www.lightsourcebp.com\/pl\/careers\/\" target=\"_self\"><span>Kariera w Lightsource bp<\/span> <svg xmlns=\"http:\/\/www.w3.org\/2000\/svg\" width=\"8\" height=\"14\" fill=\"none\"><path stroke=\"currentColor\" stroke-linecap=\"round\" stroke-linejoin=\"round\" stroke-width=\"2\" d=\"m1 13 6-6-6-6\"\/><\/svg><\/a>\n                  <\/div>\n                                                                                          <\/div>\n                                <div class=\"col-12 col-lg-6 align-self-start fifty-right d-flex flex-column mb-lg-0 mt-lg-0 order-3 order-lg-1  mt-15 \">\n                                                                  <h2 class=\"mb-20 \">Centrum prasowe<\/h2>\n                                                                                                                                                                                <div class=\"flex flex-column w-100 line-height-level-6 mb-15 fifty-fifty__text font-size-paragraph-medium  fg-color-navy-text \">\n\n                    <p>Je\u015bli jeste\u015b przedstawicielem medi\u00f3w i szukasz aktualnych informacji o naszej dzia\u0142alno\u015bci lub kontaktu z osob\u0105 z naszego zespo\u0142u medialnego, zajrzyj na stron\u0119 centrum prasowego.<\/p>\n\n                  <\/div>\n                                                                                                                                                                                                  <div class=\"d-inline-flex w-100 button-container mb-15\">\n                    <a class=\"button button--gradient my-0 mr-auto\" href=\"https:\/\/www.lightsourcebp.com\/press-centre\/\" target=\"_blank\"><span>Centrum prasowe<\/span> <svg xmlns=\"http:\/\/www.w3.org\/2000\/svg\" width=\"8\" height=\"14\" fill=\"none\"><path stroke=\"currentColor\" stroke-linecap=\"round\" stroke-linejoin=\"round\" stroke-width=\"2\" d=\"m1 13 6-6-6-6\"\/><\/svg><\/a>\n                  <\/div>\n                                                                                                          <\/div>\n                  <\/div>\n      <\/div>\n    <\/div>\n\n  <div class=\"pt-15 pt-lg-15\"><\/div>\n  <\/section>\n\n\n<section class=\"contact-form align block_acf-block-66c60cce6e866 block call-to-action\">\n  \n  <div class=\"container-fluid z-2\">\n    <div class=\"row\">\n      <div class=\"col-12 col-lg-6 px-0 position-relative\">\n        <picture><source srcset=\"https:\/\/assets.lightsourcebp.com\/app\/uploads\/2022\/10\/26234012\/find-out-more-image-min.jpg 770w, https:\/\/assets.lightsourcebp.com\/app\/uploads\/2022\/10\/26234012\/find-out-more-image-min-276x300.jpg 276w, https:\/\/assets.lightsourcebp.com\/app\/uploads\/2022\/10\/26234012\/find-out-more-image-min-80x87.jpg 80w, https:\/\/assets.lightsourcebp.com\/app\/uploads\/2022\/10\/26234012\/find-out-more-image-min-150x163.jpg 150w, https:\/\/assets.lightsourcebp.com\/app\/uploads\/2022\/10\/26234012\/find-out-more-image-min-300x326.jpg 300w, https:\/\/assets.lightsourcebp.com\/app\/uploads\/2022\/10\/26234012\/find-out-more-image-min-450x489.jpg 450w, https:\/\/assets.lightsourcebp.com\/app\/uploads\/2022\/10\/26234012\/find-out-more-image-min-767x834.jpg 767w\" sizes=\"\"><img loading=\"lazy\" decoding=\"async\" src=\"https:\/\/assets.lightsourcebp.com\/app\/uploads\/2022\/10\/26234012\/find-out-more-image-min.jpg\" alt=\"\" width=\"770\" height=\"837\" class=\"w-101 h-auto h-sm-100 object-fit-cover ml-15px\"><\/picture>\n        <div class=\"contact-form__overlap-text position-absolute bg-color-white top-35px top-sm-100px left-5 left-md-15 w-90 w-md-70 py-50 px-15 px-md-65\">\n                      <h2>Skontaktuj si\u0119 z nami<br>\n<\/h2>\n                    <p class=\"line-height-level-6 font-size-paragraph-large\">Zawsze ch\u0119tnie s\u0142u\u017cymy pomoc\u0105 w przypadku jakichkolwiek pyta\u0144. Mo\u017cna si\u0119 z nami skontaktowa\u0107 mailowo lub telefonicznie przez zesp\u00f3\u0142 obs\u0142ugi klienta.<\/p>\n                                <a class=\"d-flex flex-row flex-middle fg-color-orange text-decoration-none text-decoration-underline-hover font-weight-bold mt-15\" href=\"mailto:+44(0) 3332000755\"><svg xmlns=\"http:\/\/www.w3.org\/2000\/svg\" width=\"24\" height=\"25\" fill=\"none\"><g clip-path=\"url(#a)\"><path stroke=\"#E0D9E9\" stroke-linecap=\"round\" stroke-linejoin=\"round\" stroke-width=\"2\" d=\"M15.05 5.643A5 5 0 0119 9.593m-3.95-7.95A9 9 0 0123 9.583m-1 7.98v3a1.998 1.998 0 01-2.18 2 19.791 19.791 0 01-8.63-3.07 19.5 19.5 0 01-6-6 19.79 19.79 0 01-3.07-8.67 2 2 0 011.99-2.18h3a2 2 0 012 1.72c.127.96.361 1.902.7 2.81a2 2 0 01-.45 2.11l-1.27 1.27a16 16 0 006 6l1.27-1.27a2 2 0 012.11-.45c.907.338 1.85.573 2.81.7a2 2 0 011.72 2.03z\"\/><\/g><defs><clipPath id=\"a\"><path fill=\"#fff\" d=\"M0 0h24v24H0z\" transform=\"translate(0 .643)\"\/><\/clipPath><\/defs><\/svg> <span class=\"ml-15\">+44(0) 3332000755<\/span><\/a>\n                  <\/div>\n      <\/div>\n      <div class=\"col-12 col-lg-6 bg-color-gradient fg-color-navy position-relative z-1 overflow-hidden\">\n\n        <img decoding=\"async\" class=\"position-absolute top-n20 right-n125 right-sm-n100 right-md-n80 right-xl-n68 rotate-230 -z-1\" src=\"https:\/\/sandbox.lightsourcebp.com\/app\/themes\/lightsourcebp-theme\/dist\/images\/global\/background-swirls-alt-red_9a37eafe.png\" alt=\"\" \/>\n\n        <div class=\"d-flex flex-column flex-center px-15 px-md-100 py-40 py-lg-100\">\n                      <div class=\"row flex-center\">\n              <p class=\"fg-color-white font-weight-bold mb-30\">*Wymagane pola<\/p>\n              <form novalidate action=\"https:\/\/sandbox.lightsourcebp.com\/pl\/forms\/contact-form\/#contact-form_acf-block-66c60cce6e866\" class=\"form d-flex flex-wrap text-left \" data-id=\"272380\" enctype=\"multipart\/form-data\">\n\n          <div id=\"rodzaj-zapytania\" class=\"form__input-row d-flex flex-column mb-20 position-relative form__input-row--full  form__input-row--select \">\n          <label class=\"form__label user-select-none mb-12 font-weight-bold font-size-paragraph-small fg-color-white\" for=\"rodzaj-zapytania_272380\">Rodzaj zapytania<span class=\"form__required-indicator\">*<\/span><\/label>\n    \n    <div class=\"position-relative w-100\">\n  <select\n    id=\"rodzaj-zapytania_272380\"\n    class=\"form__select form__select--unselected pl-20 pr-50 py-14\"\n    name=\"rodzaj-zapytania\"\n    data-field-label=\"Rodzaj zapytania&lt;span class=&quot;form__required-indicator&quot;&gt;*&lt;\/span&gt;\"\n  \/>\n    <option value=\"\" disabled 1>Please choose<\/option>\n          <option value=\"Zapytanie o dzier\u017caw\u0119 grunt\u00f3w\" >Zapytanie o dzier\u017caw\u0119 grunt\u00f3w<\/option>\n          <option value=\"Zapytanie o umowy PPA \/ zakup energii\" >Zapytanie o umowy PPA \/ zakup energii<\/option>\n          <option value=\"Zapytanie dotycz\u0105ce projektu i spo\u0142eczno\u015bci\" >Zapytanie dotycz\u0105ce projektu i spo\u0142eczno\u015bci<\/option>\n          <option value=\"Zapytanie og\u00f3lne\" >Zapytanie og\u00f3lne<\/option>\n          <option value=\"Zapytanie o mo\u017cliwo\u015bci pracy\" >Zapytanie o mo\u017cliwo\u015bci pracy<\/option>\n      <\/select>\n  <div class=\"pointer-events-none position-absolute d-flex flex-center flex-middle w-70px h-100 top-1px right-0 fg-color-white\">\n    \n  <\/div>\n<\/div>\n  <\/div>\n\n          <div id=\"imie\" class=\"form__input-row d-flex flex-column mb-20 position-relative form__input-row--full  form__input-row--text \">\n          <label class=\"form__label user-select-none mb-12 font-weight-bold font-size-paragraph-small fg-color-white\" for=\"imie_272380\">Imie<span class=\"form__required-indicator\">*<\/span><\/label>\n    \n    <input\n  id=\"imie_272380\"\n  class=\"form__input h-55px w-100 px-20 py-10\"\n  type=\"text\"\n  name=\"imie\"\n  placeholder=\"\"\n  value=\"\"\n\/>\n  <\/div>\n\n          <div id=\"email\" class=\"form__input-row d-flex flex-column mb-20 position-relative form__input-row--full  form__input-row--text \">\n          <label class=\"form__label user-select-none mb-12 font-weight-bold font-size-paragraph-small fg-color-white\" for=\"email_272380\">Email<span class=\"form__required-indicator\">*<\/span><\/label>\n    \n    <input\n  id=\"email_272380\"\n  class=\"form__input h-55px w-100 px-20 py-10\"\n  type=\"text\"\n  name=\"email\"\n  placeholder=\"\"\n  value=\"\"\n\/>\n  <\/div>\n\n          <div id=\"organizacja\" class=\"form__input-row d-flex flex-column mb-20 position-relative form__input-row--full  form__input-row--text \">\n          <label class=\"form__label user-select-none mb-12 font-weight-bold font-size-paragraph-small fg-color-white\" for=\"organizacja_272380\">Organizacja<\/label>\n    \n    <input\n  id=\"organizacja_272380\"\n  class=\"form__input h-55px w-100 px-20 py-10\"\n  type=\"text\"\n  name=\"organizacja\"\n  placeholder=\"\"\n  value=\"\"\n\/>\n  <\/div>\n\n          <div id=\"wiadomosc\" class=\"form__input-row d-flex flex-column mb-20 position-relative form__input-row--full  form__input-row--text \">\n          <label class=\"form__label user-select-none mb-12 font-weight-bold font-size-paragraph-small fg-color-white\" for=\"wiadomosc_272380\">Wiadomo\u015b\u0107<span class=\"form__required-indicator\">*<\/span><\/label>\n    \n    <input\n  id=\"wiadomosc_272380\"\n  class=\"form__input h-55px w-100 px-20 py-10\"\n  type=\"text\"\n  name=\"wiadomosc\"\n  placeholder=\"\"\n  value=\"\"\n\/>\n  <\/div>\n\n    \n    \n    <div class=\"form__input-row form__input-row--recaptcha form__input-row--full form__input-row--last relative d-flex justify-content-sm-center\">\n      <div name=\"recaptcha\" class=\"g-recaptcha\"><\/div>\n    <\/div>\n\n    <div class=\"d-flex mt-10\">\n      <div class=\"d-flex flex-column\">\n        \n        <div class=\"d-inline-flex w-100 button-container mt-20\">\n          <button class=\"form__submit-button button button--gradient my-0 mr-auto my-0\" href=\"\"><span class=\"button__text\">Wy\u015blij wiadomo\u015b\u0107<\/span> <svg xmlns=\"http:\/\/www.w3.org\/2000\/svg\" width=\"24\" height=\"25\" fill=\"none\"><path stroke=\"currentColor\" stroke-linecap=\"round\" stroke-linejoin=\"round\" stroke-width=\"2\" d=\"m20 4.54-9 9m9-9-5.6 16-3.2-7.2-7.2-3.2 16-5.6Z\"\/><\/svg>\n<\/button>\n        <\/div>\n\n      <\/div>\n    <\/div>\n  <\/form>\n            <\/div>\n                  <\/div>\n      <\/div>\n    <\/div>\n  <\/div>\n<\/section>\n\n","protected":false},"excerpt":{"rendered":"","protected":false},"author":1,"featured_media":0,"parent":0,"menu_order":0,"comment_status":"closed","ping_status":"closed","template":"","meta":{"_acf_changed":false,"inline_featured_image":false,"footnotes":""},"class_list":["post-28044","page","type-page","status-publish","hentry"],"acf":[],"aioseo_notices":[],"_links":{"self":[{"href":"https:\/\/sandbox.lightsourcebp.com\/pl\/wp-json\/wp\/v2\/pages\/28044","targetHints":{"allow":["GET"]}}],"collection":[{"href":"https:\/\/sandbox.lightsourcebp.com\/pl\/wp-json\/wp\/v2\/pages"}],"about":[{"href":"https:\/\/sandbox.lightsourcebp.com\/pl\/wp-json\/wp\/v2\/types\/page"}],"author":[{"embeddable":true,"href":"https:\/\/sandbox.lightsourcebp.com\/pl\/wp-json\/wp\/v2\/users\/1"}],"replies":[{"embeddable":true,"href":"https:\/\/sandbox.lightsourcebp.com\/pl\/wp-json\/wp\/v2\/comments?post=28044"}],"version-history":[{"count":29,"href":"https:\/\/sandbox.lightsourcebp.com\/pl\/wp-json\/wp\/v2\/pages\/28044\/revisions"}],"predecessor-version":[{"id":403764,"href":"https:\/\/sandbox.lightsourcebp.com\/pl\/wp-json\/wp\/v2\/pages\/28044\/revisions\/403764"}],"wp:attachment":[{"href":"https:\/\/sandbox.lightsourcebp.com\/pl\/wp-json\/wp\/v2\/media?parent=28044"}],"curies":[{"name":"wp","href":"https:\/\/api.w.org\/{rel}","templated":true}]}}