{"id":105620,"date":"2022-12-06T16:14:19","date_gmt":"2022-12-06T16:14:19","guid":{"rendered":"https:\/\/www.lightsourcebp.com\/?page_id=105620"},"modified":"2023-08-24T09:42:44","modified_gmt":"2023-08-24T09:42:44","slug":"attivita-agricole","status":"publish","type":"page","link":"https:\/\/sandbox.lightsourcebp.com\/it\/attivita-agricole\/","title":{"rendered":"Attivit\u00e0 agricole"},"content":{"rendered":"<section class=\"block-page-title bg-color-white\">\n  <div class=\"pt-60 pt-lg-100\"><\/div>\n\n  <div class=\"container\">\n    <div class=\"row\">\n      <div class=\"col-12\">\n                <h1 class=\"fg-color-gradient\">Attivit\u00e0 agricole<\/h1>\n      <\/div>\n    <\/div>\n  <\/div>\n\n  <div class=\"pt-60 pt-lg-100\"><\/div>\n<\/section>\n  \n\n\n<section class=\"banner-single position-relative\">\n  <div class=\"container-fluid\">\n    <div class=\"row\">\n      <div class=\"col-12 px-0\">\n                <div class=\"position-relative w-100 h-100 aspect-ratio-banner object-fit-cover\">\n          <picture>\n                    <source srcset=\"https:\/\/assets.lightsourcebp.com\/app\/uploads\/2022\/02\/27233521\/Supporting-sheep-and-local-biodiversity-at-Elm-Branch-and-Briar-Creek-solar-farms1-450x188.jpg, https:\/\/assets.lightsourcebp.com\/app\/uploads\/2022\/02\/27233521\/Supporting-sheep-and-local-biodiversity-at-Elm-Branch-and-Briar-Creek-solar-farms1-1000x417.jpg 2x\"\n                          media=\"(max-width: 575px)\">\n                    <source srcset=\"https:\/\/assets.lightsourcebp.com\/app\/uploads\/2022\/02\/27233521\/Supporting-sheep-and-local-biodiversity-at-Elm-Branch-and-Briar-Creek-solar-farms1-1000x417.jpg, https:\/\/assets.lightsourcebp.com\/app\/uploads\/2022\/02\/27233521\/Supporting-sheep-and-local-biodiversity-at-Elm-Branch-and-Briar-Creek-solar-farms1.jpg 2x\"\n                          media=\"(min-width: 576px) and (max-width: 991px)\">\n                    <source srcset=\"https:\/\/assets.lightsourcebp.com\/app\/uploads\/2022\/02\/27233521\/Supporting-sheep-and-local-biodiversity-at-Elm-Branch-and-Briar-Creek-solar-farms1.jpg, https:\/\/assets.lightsourcebp.com\/app\/uploads\/2022\/02\/27233521\/Supporting-sheep-and-local-biodiversity-at-Elm-Branch-and-Briar-Creek-solar-farms1.jpg 2x\"\n                          media=\"(min-width: 992px)\">\n                    <img loading=\"lazy\" decoding=\"async\" src=\"https:\/\/assets.lightsourcebp.com\/app\/uploads\/2022\/02\/27233521\/Supporting-sheep-and-local-biodiversity-at-Elm-Branch-and-Briar-Creek-solar-farms1.jpg\" alt=\"sheep in a field\"\n                       srcset=\"https:\/\/assets.lightsourcebp.com\/app\/uploads\/2022\/02\/27233521\/Supporting-sheep-and-local-biodiversity-at-Elm-Branch-and-Briar-Creek-solar-farms1.jpg 2x\"\n                       sizes=\"auto, 100vw\"\n                       class=\"position-absolute w-100 h-100 left-0 top-0 object-fit-cover\"\n                       width=\"1920\"\n                       height=\"800\">\n                <\/picture>\n        <\/div>\n              <\/div>\n    <\/div>\n  <\/div>\n<\/section>\n\n\n<section class=\"text align block_6599bfc2b1d6432e0240753f2bfad5cb block bg-color-orange-3-percent position-relative z-1 overflow-hidden\">\n    <div class=\"pt-60 pt-lg-100\"><\/div>\n\n      <img decoding=\"async\" class=\"position-absolute bottom-0 right-10 -z-1\" src=\"https:\/\/sandbox.lightsourcebp.com\/app\/themes\/lightsourcebp-theme\/dist\/images\/global\/background-swirls_9a37eafe.png\" alt=\"\" \/>\n  \n  <div class=\"container \">\n    <div class=\"row\">\n      <div class=\"col-12\">\n        <span class=\"rich-text standard-text fg-color-navy\">\n          <section class=\"intro p-top--80 p-bottom--30\">\n<div class=\"container\">\n<div class=\"row\">\n<div class=\"col-xs-22 col-xs-push-1 col-sm-17 col-sm-push-3 text-align--left\">\n<h2>L\u2019agrovoltaico: conciliare energia pulita e impiego agricolo del terreno<\/h2>\n<p>L\u2019apporto del fotovoltaico alla sostenibilit\u00e0 globale non si limita alla semplice generazione di energia rinnovabile. I progetti fotovoltaici possono coesistere con le attivit\u00e0 agricole garantendo il mantenimento dell\u2019uso agricolo del terreno e i benefici per l\u2019economia rurale locale.<\/p>\n<\/div>\n<\/div>\n<\/div>\n<\/section>\n\n        <\/span>\n      <\/div>\n    <\/div>\n  <\/div>\n\n  <div class=\"pt-60 pt-lg-100\"><\/div>\n<\/section>\n\n\n<section class=\"fifty-fifty align block_ded46da4841150fab33b33e8f5c9f1fc block bg-color-white position-relative z-1 overflow-hidden\">\n        <div class=\"pt-60 pt-lg-100\"><\/div>\n\n    \n    <div class=\"fifty-fifty__row\">\n      <div class=\"container \">\n        <div class=\"row align-items-center\">\n                      <div class=\"col-12 col-lg-6 align-self-center fifty-left d-flex flex-column order-2 order-lg-1\">\n                                                                                                                <div class=\"flex flex-column w-100 mb-30 fifty-fifty__image\">\n                    <picture><source srcset=\"https:\/\/assets.lightsourcebp.com\/app\/uploads\/2022\/12\/28012013\/325A3217-471x315-2.jpg 471w, https:\/\/assets.lightsourcebp.com\/app\/uploads\/2022\/12\/28012013\/325A3217-471x315-2-300x201.jpg 300w, https:\/\/assets.lightsourcebp.com\/app\/uploads\/2022\/12\/28012013\/325A3217-471x315-2-80x54.jpg 80w, https:\/\/assets.lightsourcebp.com\/app\/uploads\/2022\/12\/28012013\/325A3217-471x315-2-150x100.jpg 150w, https:\/\/assets.lightsourcebp.com\/app\/uploads\/2022\/12\/28012013\/325A3217-471x315-2-450x301.jpg 450w\" sizes=\"100vw\"><img loading=\"lazy\" decoding=\"async\" src=\"https:\/\/assets.lightsourcebp.com\/app\/uploads\/2022\/12\/28012013\/325A3217-471x315-2.jpg\" alt=\"Sheep on a solar farm\" width=\"471\" height=\"315\" class=\"d-flex max-w-100 w-100 h-auto mx-auto fit-cover rounded-10px\"><\/picture>\n                  <\/div>\n                                                          <\/div>\n                                <div class=\"col-12 col-lg-6 align-self-center fifty-right d-flex flex-column mb-lg-0 mt-lg-0 order-3 order-lg-1  mt-15 \">\n                                                                  <h2 class=\"mb-20 \">Pascolo di ovini<\/h2>\n                                                                                                                                                                                <div class=\"flex flex-column w-100 line-height-level-6 mb-15 fifty-fifty__text font-size-paragraph-medium  fg-color-navy-text \">\n\n                    <p>I parchi fotovoltaici di Lightsource bp in Italia possono essere progettati in modo da consentire che il terreno in cui sono collocati sia adibito, parallelamente, anche al pascolo di ovini. In questo modo, i terreni rappresentano un\u2019ulteriore fonte di reddito per gli imprenditori agricoli e gli allevatori locali. Lightsource bp ha acquisito una vasta esperienza nel combinare l\u2019allevamento degli ovini con la produzione di energia solare: si tratta di un mix che \u00e8 risultato essere reciprocamente vantaggioso, in quanto permette di generare energia rinnovabile e allo stesso tempo di attribuire al terreno un impiego agricolo compatibile.<\/p>\n<p>Sono stati riscontrati diversi, specifici benefici nel far pascolare animali di piccola taglia tra i pannelli solari. Anzitutto, i pannelli degli impianti di Lightsource bp occupano solo una porzione del terreno utilizzato per il parco solare, lasciando a disposizione un ampio spazio per l\u2019allevamento degli ovini. Inoltre, solitamente gli allevamenti collocati all\u2019interno dei parchi fotovoltaici hanno una densit\u00e0 minore rispetto a quelli tradizionali, e pertanto contribuiscono a migliorare lo stato di salute ed il benessere degli animali. A ci\u00f2 si aggiungono anche altri benefici derivanti dalla presenza di vaste zone d\u2019ombra create dai pannelli, e da una maggiore protezione dai predatori.<\/p>\n\n                  <\/div>\n                                                                                                                          <\/div>\n                  <\/div>\n      <\/div>\n    <\/div>\n\n  <div class=\"pt-60 pt-lg-100\"><\/div>\n  <\/section>\n\n\n<section class=\"fifty-fifty align block_12022b005eb5699c7b636479bb4f3a5e block bg-color-white position-relative z-1 overflow-hidden\">\n        <div class=\"pt-60 pt-lg-100\"><\/div>\n\n    \n    <div class=\"fifty-fifty__row\">\n      <div class=\"container \">\n        <div class=\"row align-items-center\">\n                      <div class=\"col-12 col-lg-6 align-self-center fifty-left d-flex flex-column order-2 order-lg-1\">\n                                                                  <h2 class=\"mb-20 \">Coltivazioni agricole<\/h2>\n                                                                                                                                                                <div class=\"flex flex-column w-100 line-height-level-6 mb-15 fifty-fifty__text font-size-paragraph-medium  fg-color-navy-text \">\n                    <p>I parchi fotovoltaici italiani di Lightsource bp sono progettati assicurando una notevole distanza tra le diverse file di pannelli: ci\u00f2 lascia a disposizione porzioni di terreno totalmente soleggiate, facendo s\u00ec che l\u2019area interna agli impianti possa diventare un luogo ideale per la coltivazione di una numerosa variet\u00e0 di specie. La maggior parte della superficie coltivabile dei nostri parchi solari viene utilizzata per la coltura di specie erbacee, successivamente impiegata per produrre fieno. Gli spazi che intercorrono tra le file di pannelli sono abbastanza ampi da permettere l\u2019accesso a trattori e ad altri veicoli agricoli, cos\u00ec da consentire un proficuo svolgimento dell\u2019operativit\u00e0 quotidiana.<\/p>\n<p>Nella fascia perimetrale dei parchi fotovoltaici vengono sovente messi a dimora alberi, per favorire l\u2019integrazione dell\u2019impianto con il paesaggio e ridurre l\u2019impatto visivo. Ovviamente si tende a favorire la selezione di alberi locali, come ulivi o altre specie autoctone: fattore, quest\u2019ultimo, che oltre a incrementare la biodiversit\u00e0 locale rappresenta un\u2019ulteriore possibile fonte di reddito.<\/p>\n\n                  <\/div>\n                                                                                                          <\/div>\n                                <div class=\"col-12 col-lg-6 align-self-center fifty-right d-flex flex-column mb-lg-0 mt-lg-0 order-3 order-lg-1  mt-15 \">\n                                                                                                                <div class=\"flex flex-column w-100 mb-30 fifty-fifty__image\">\n                    <picture><source srcset=\"https:\/\/assets.lightsourcebp.com\/app\/uploads\/2022\/12\/28044043\/UNP-Lightsourse-33416-Trevemper-Farm001-1024x6831-2.jpg 1024w, https:\/\/assets.lightsourcebp.com\/app\/uploads\/2022\/12\/28044043\/UNP-Lightsourse-33416-Trevemper-Farm001-1024x6831-2-300x134.jpg 300w, https:\/\/assets.lightsourcebp.com\/app\/uploads\/2022\/12\/28044043\/UNP-Lightsourse-33416-Trevemper-Farm001-1024x6831-2-80x36.jpg 80w, https:\/\/assets.lightsourcebp.com\/app\/uploads\/2022\/12\/28044043\/UNP-Lightsourse-33416-Trevemper-Farm001-1024x6831-2-150x67.jpg 150w, https:\/\/assets.lightsourcebp.com\/app\/uploads\/2022\/12\/28044043\/UNP-Lightsourse-33416-Trevemper-Farm001-1024x6831-2-450x201.jpg 450w, https:\/\/assets.lightsourcebp.com\/app\/uploads\/2022\/12\/28044043\/UNP-Lightsourse-33416-Trevemper-Farm001-1024x6831-2-767x342.jpg 767w, https:\/\/assets.lightsourcebp.com\/app\/uploads\/2022\/12\/28044043\/UNP-Lightsourse-33416-Trevemper-Farm001-1024x6831-2-1000x446.jpg 1000w\" sizes=\"100vw\"><img loading=\"lazy\" decoding=\"async\" src=\"https:\/\/assets.lightsourcebp.com\/app\/uploads\/2022\/12\/28044043\/UNP-Lightsourse-33416-Trevemper-Farm001-1024x6831-2.jpg\" alt=\"Tractor in a solar farm\" width=\"1024\" height=\"457\" class=\"d-flex max-w-100 w-100 h-auto mx-auto fit-cover rounded-10px\"><\/picture>\n                  <\/div>\n                                                                          <\/div>\n                  <\/div>\n      <\/div>\n    <\/div>\n\n  <div class=\"pt-60 pt-lg-100\"><\/div>\n  <\/section>\n\n\n<section class=\"fifty-fifty align block_88c68828acbe41bf31e295e57a583733 block bg-color-white position-relative z-1 overflow-hidden\">\n        <div class=\"pt-60 pt-lg-100\"><\/div>\n\n    \n    <div class=\"fifty-fifty__row\">\n      <div class=\"container \">\n        <div class=\"row align-items-center\">\n                      <div class=\"col-12 col-lg-6 align-self-center fifty-left d-flex flex-column order-2 order-lg-1\">\n                                                                                                                <div class=\"flex flex-column w-100 mb-30 fifty-fifty__image\">\n                    <picture><source srcset=\"https:\/\/assets.lightsourcebp.com\/app\/uploads\/2022\/12\/27204014\/Environmental-Sustainability.jpg 472w, https:\/\/assets.lightsourcebp.com\/app\/uploads\/2022\/12\/27204014\/Environmental-Sustainability-300x200.jpg 300w, https:\/\/assets.lightsourcebp.com\/app\/uploads\/2022\/12\/27204014\/Environmental-Sustainability-80x53.jpg 80w, https:\/\/assets.lightsourcebp.com\/app\/uploads\/2022\/12\/27204014\/Environmental-Sustainability-150x100.jpg 150w, https:\/\/assets.lightsourcebp.com\/app\/uploads\/2022\/12\/27204014\/Environmental-Sustainability-450x300.jpg 450w\" sizes=\"100vw\"><img loading=\"lazy\" decoding=\"async\" src=\"https:\/\/assets.lightsourcebp.com\/app\/uploads\/2022\/12\/27204014\/Environmental-Sustainability.jpg\" alt=\"\" width=\"472\" height=\"315\" class=\"d-flex max-w-100 w-100 h-auto mx-auto fit-cover rounded-10px\"><\/picture>\n                  <\/div>\n                                                          <\/div>\n                                <div class=\"col-12 col-lg-6 align-self-center fifty-right d-flex flex-column mb-lg-0 mt-lg-0 order-3 order-lg-1  mt-15 \">\n                                                                  <h2 class=\"mb-20 \">Apicoltura<\/h2>\n                                                                                                                                                                                <div class=\"flex flex-column w-100 line-height-level-6 mb-15 fifty-fifty__text font-size-paragraph-medium  fg-color-navy-text \">\n\n                    <p>Gli impianti fotovoltaici di Lightsource bp sono luoghi ideali anche per la pratica dell\u2019apicoltura, essendo realizzati in ampi spazi aperti in cui si possono collocare gli alveari \u2013 senza dimenticare che nei terreni su cui vengono installate le arnie possono essere piantate anche diverse specie di fiori selvatici che garantiscono alle api habitat e nutrimento. Solitamente collaboriamo con gli apicoltori locali nelle fasi di installazione e di manutenzione degli alveari, e in molti casi produciamo anche il nostro \u201cmiele solare\u201d.<\/p>\n<p>Inoltre, promuovere pratiche come l\u2019apicoltura fa s\u00ec che i terreni rimangano destinati a uso agricolo e vengano protetti dall\u2019abbandono per tutta la durata della vita del parco fotovoltaico, che pu\u00f2 arrivare fino a 40 anni. Ci\u00f2 contribuisce anche a ridurre il rischio di desertificazione e di instabilit\u00e0 idrogeologica, soprattutto nelle regioni meridionali dove il clima \u00e8 pi\u00f9 arido.<\/p>\n<section class=\"repeating-video-blocks p-top--30 p-bottom--30\">\n<div class=\"container\">\n<div class=\"row\">\n<div class=\"content-block clearfix\">\n<h2><\/h2>\n<\/div>\n<\/div>\n<\/div>\n<\/section>\n\n                  <\/div>\n                                                                                                                          <\/div>\n                  <\/div>\n      <\/div>\n    <\/div>\n\n  <div class=\"pt-60 pt-lg-100\"><\/div>\n  <\/section>\n\n\n<section class=\"fifty-fifty align block_3b1f203ff6ad37583b245c6a3bde665b block bg-color-white position-relative z-1 overflow-hidden\">\n        <div class=\"pt-60 pt-lg-100\"><\/div>\n\n    \n    <div class=\"fifty-fifty__row\">\n      <div class=\"container \">\n        <div class=\"row align-items-center\">\n                      <div class=\"col-12 col-lg-6 align-self-center fifty-left d-flex flex-column order-2 order-lg-1\">\n                                                                <div class=\"flex flex-column w-100 line-height-level-6 mb-15 fifty-fifty__text font-size-paragraph-medium  fg-color-navy-text \">\n                    <h4>Fotovoltaico &amp; Agricoltura in Italia<\/h4>\n<p>Dai un&#8217;occhiata a come i nostri progetti possono conciliare la produzione di energia fotovoltaica e l&#8217;uso agricolo del terreno.<\/p>\n\n                  <\/div>\n                                                                                                                                                                                  <div class=\"d-inline-flex w-100 button-container mb-15\">\n                    <a class=\"button button--gradient my-0 mr-auto\" href=\"https:\/\/www.lightsourcebp.com\/it\/contatto\/\" target=\"_self\"><span>Contattaci per saperne di pi\u00f9<\/span> <svg xmlns=\"http:\/\/www.w3.org\/2000\/svg\" width=\"8\" height=\"14\" fill=\"none\"><path stroke=\"currentColor\" stroke-linecap=\"round\" stroke-linejoin=\"round\" stroke-width=\"2\" d=\"m1 13 6-6-6-6\"\/><\/svg><\/a>\n                  <\/div>\n                                                                                          <\/div>\n                                <div class=\"col-12 col-lg-6 align-self-center fifty-right d-flex flex-column mb-lg-0 mt-lg-0 order-3 order-lg-1  mt-15 \">\n                                                                                                                  <div class=\"flex flex-column w-100 mb-30 fifty-fifty__video\">\n                    <div class=\"video video--third-party ratio ratio-16x9 position-relative no-highlight\">\n  <div class=\"video__poster position-absolute w-100 h-100 left-0 top-0 bg-color-red z-1\">\n          <picture><source data-srcset=\"https:\/\/assets.lightsourcebp.com\/app\/uploads\/2022\/12\/27163151\/Impact_Solar_0161-1024x683-1-aspect-ratio-1920-1080.jpg 1024w, https:\/\/assets.lightsourcebp.com\/app\/uploads\/2022\/12\/27163151\/Impact_Solar_0161-1024x683-1-aspect-ratio-1920-1080-300x169.jpg 300w, https:\/\/assets.lightsourcebp.com\/app\/uploads\/2022\/12\/27163151\/Impact_Solar_0161-1024x683-1-aspect-ratio-1920-1080-80x45.jpg 80w, https:\/\/assets.lightsourcebp.com\/app\/uploads\/2022\/12\/27163151\/Impact_Solar_0161-1024x683-1-aspect-ratio-1920-1080-150x84.jpg 150w, https:\/\/assets.lightsourcebp.com\/app\/uploads\/2022\/12\/27163151\/Impact_Solar_0161-1024x683-1-aspect-ratio-1920-1080-450x253.jpg 450w, https:\/\/assets.lightsourcebp.com\/app\/uploads\/2022\/12\/27163151\/Impact_Solar_0161-1024x683-1-aspect-ratio-1920-1080-767x431.jpg 767w, https:\/\/assets.lightsourcebp.com\/app\/uploads\/2022\/12\/27163151\/Impact_Solar_0161-1024x683-1-aspect-ratio-1920-1080-1000x563.jpg 1000w\" data-sizes=\"(max-width: 450px) calc(100vw - 24px), (min-width: 450px) and (max-width: 575.98px) 551px, (min-width: 576px) and (max-width: 767.98px) 516px, (min-width: 768px) and (max-width: 991.98px) 696px, (min-width: 992px) and (max-width: 1199.98px) 456px, (min-width: 1200px) and (max-width: 1399.98px) 546px, (min-width: 1400px) 636px\"><img data-src=\"https:\/\/assets.lightsourcebp.com\/app\/uploads\/2022\/12\/27163151\/Impact_Solar_0161-1024x683-1-aspect-ratio-1920-1080.jpg\" alt=\"\" width=\"1024\" height=\"576\" class=\"d-flex mw-100 w-100 h-auto fit-cover rounded-10px lazy\"  decoding=\"sync\"><\/picture><noscript><img loading=\"lazy\" src=\"https:\/\/assets.lightsourcebp.com\/app\/uploads\/2022\/12\/27163151\/Impact_Solar_0161-1024x683-1-aspect-ratio-1920-1080.jpg\" alt=\"\" width=\"1024\" height=\"576\" class=\"d-flex mw-100 w-100 h-auto fit-cover rounded-10px \"  decoding=\"sync\"><\/noscript>\n      <\/div>\n\n  <button class=\"video__play-button bottom-0 position-absolute z-2 p-0 border-none transition-500 w-auto h-auto top-auto\">\n    <i class=\"fg-color-off-white\">\n      <svg xmlns=\"http:\/\/www.w3.org\/2000\/svg\" width=\"79\" height=\"79\" fill=\"none\"><path fill=\"url(#playIcon)\" d=\"M0 0h79v79H0V0z\"\/><path fill=\"#fff\" d=\"M29.625 29.269a1 1 0 011.543-.84L46.98 38.66a1 1 0 010 1.68L31.168 50.57a1 1 0 01-1.543-.839V29.27z\"\/><defs><linearGradient id=\"playIcon\" x1=\"0\" x2=\"107.528\" y1=\"79\" y2=\"-2.194\" gradientUnits=\"userSpaceOnUse\"><stop stop-color=\"#DF1995\"\/><stop offset=\"1\" stop-color=\"#FE5000\"\/><\/linearGradient><\/defs><\/svg>\n    <\/i>\n  <\/button>\n\n  <iframe\n  class=\"video__iframe position-absolute w-100 h-100 left-0 top-0 transition-500\"\n  data-src=\"https:\/\/www.youtube-nocookie.com\/embed\/1eYZn_WxlSY?autoplay=1&amp;controls=1&amp;rel=0\"\n  data-title=\"Fotovoltaico &amp; Agricoltura in Italia | Lightsource bp | Global Leaders in Solar Development\"\n  frameBorder=\"0\"\n  width=\"100%\" height=\"100%\"\n  allow=\"autoplay; encrypted-media\"\n  allowFullScreen=\"true\"\n  webkitallowfullscreen=\"true\"\n  mozallowfullscreen=\"true\"><\/iframe>\n<\/div>\n                  <\/div>\n                                                                                          <\/div>\n                  <\/div>\n      <\/div>\n    <\/div>\n\n  <div class=\"pt-60 pt-lg-100\"><\/div>\n  <\/section>\n","protected":false},"excerpt":{"rendered":"","protected":false},"author":33,"featured_media":0,"parent":0,"menu_order":0,"comment_status":"closed","ping_status":"closed","template":"","meta":{"_acf_changed":false,"inline_featured_image":false,"footnotes":""},"class_list":["post-105620","page","type-page","status-publish","hentry"],"acf":[],"aioseo_notices":[],"_links":{"self":[{"href":"https:\/\/sandbox.lightsourcebp.com\/it\/wp-json\/wp\/v2\/pages\/105620","targetHints":{"allow":["GET"]}}],"collection":[{"href":"https:\/\/sandbox.lightsourcebp.com\/it\/wp-json\/wp\/v2\/pages"}],"about":[{"href":"https:\/\/sandbox.lightsourcebp.com\/it\/wp-json\/wp\/v2\/types\/page"}],"author":[{"embeddable":true,"href":"https:\/\/sandbox.lightsourcebp.com\/it\/wp-json\/wp\/v2\/users\/33"}],"replies":[{"embeddable":true,"href":"https:\/\/sandbox.lightsourcebp.com\/it\/wp-json\/wp\/v2\/comments?post=105620"}],"version-history":[{"count":29,"href":"https:\/\/sandbox.lightsourcebp.com\/it\/wp-json\/wp\/v2\/pages\/105620\/revisions"}],"predecessor-version":[{"id":309098,"href":"https:\/\/sandbox.lightsourcebp.com\/it\/wp-json\/wp\/v2\/pages\/105620\/revisions\/309098"}],"wp:attachment":[{"href":"https:\/\/sandbox.lightsourcebp.com\/it\/wp-json\/wp\/v2\/media?parent=105620"}],"curies":[{"name":"wp","href":"https:\/\/api.w.org\/{rel}","templated":true}]}}