{"id":315064,"date":"2023-09-26T08:02:13","date_gmt":"2023-09-26T08:02:13","guid":{"rendered":"https:\/\/sandbox.lightsourcebp.com\/?page_id=315064"},"modified":"2025-03-18T20:18:25","modified_gmt":"2025-03-18T20:18:25","slug":"location-terre-agricole-panneaux-photovoltaiques","status":"publish","type":"page","link":"https:\/\/sandbox.lightsourcebp.com\/fr\/approche-360\/location-terre-agricole-panneaux-photovoltaiques\/","title":{"rendered":"Propri\u00e9taires fonciers"},"content":{"rendered":"<section class=\"block-page-title bg-color-white\">\n  <div class=\"pt-60 pt-lg-100\"><\/div>\n\n  <div class=\"container\">\n    <div class=\"row\">\n      <div class=\"col-12\">\n                <h1 class=\"fg-color-gradient\">Louer son terrain pour des projets photovolta\u00efques<\/h1>\n      <\/div>\n    <\/div>\n  <\/div>\n\n  <div class=\"pt-60 pt-lg-100\"><\/div>\n<\/section>\n  \n\n\n<section class=\"banner-single position-relative\">\n  <div class=\"container-fluid\">\n    <div class=\"row\">\n      <div class=\"col-12 px-0\">\n                <div class=\"position-relative w-100 h-100 aspect-ratio-banner object-fit-cover\">\n          <picture>\n                    <source srcset=\"https:\/\/assets.lightsourcebp.com\/app\/uploads\/2022\/12\/27163049\/2021-04-07-10.21.09-VENDIMIA-Plonsky-Cam-B-7778-MED-scaled-4-aspect-ratio-450-490-1-450x490.jpg, https:\/\/assets.lightsourcebp.com\/app\/uploads\/2022\/12\/27163049\/2021-04-07-10.21.09-VENDIMIA-Plonsky-Cam-B-7778-MED-scaled-4-aspect-ratio-450-490-1-1000x1089.jpg 2x\"\n                          media=\"(max-width: 575px)\">\n                    <source srcset=\"https:\/\/assets.lightsourcebp.com\/app\/uploads\/2022\/12\/27173025\/2021-04-07-10.21.09-VENDIMIA-Plonsky-Cam-B-7778-MED-scaled-4-1000x563.jpg, https:\/\/assets.lightsourcebp.com\/app\/uploads\/2022\/12\/27173025\/2021-04-07-10.21.09-VENDIMIA-Plonsky-Cam-B-7778-MED-scaled-4-1920x1080.jpg 2x\"\n                          media=\"(min-width: 576px) and (max-width: 991px)\">\n                    <source srcset=\"https:\/\/assets.lightsourcebp.com\/app\/uploads\/2022\/12\/27173025\/2021-04-07-10.21.09-VENDIMIA-Plonsky-Cam-B-7778-MED-scaled-4.jpg, https:\/\/assets.lightsourcebp.com\/app\/uploads\/2022\/12\/27173025\/2021-04-07-10.21.09-VENDIMIA-Plonsky-Cam-B-7778-MED-scaled-4.jpg 2x\"\n                          media=\"(min-width: 992px)\">\n                    <img loading=\"lazy\" decoding=\"async\" src=\"https:\/\/assets.lightsourcebp.com\/app\/uploads\/2022\/12\/27173025\/2021-04-07-10.21.09-VENDIMIA-Plonsky-Cam-B-7778-MED-scaled-4.jpg\" alt=\"\"\n                       srcset=\"https:\/\/assets.lightsourcebp.com\/app\/uploads\/2022\/12\/27173025\/2021-04-07-10.21.09-VENDIMIA-Plonsky-Cam-B-7778-MED-scaled-4.jpg 2x\"\n                       sizes=\"auto, 100vw\"\n                       class=\"position-absolute w-100 h-100 left-0 top-0 object-fit-cover\"\n                       width=\"2560\"\n                       height=\"1440\">\n                <\/picture>\n        <\/div>\n              <\/div>\n    <\/div>\n  <\/div>\n<\/section>\n\n\n<section class=\"text align block_acf-block-671ba5c7c813e block bg-color-orange-3-percent position-relative z-1 overflow-hidden\">\n    <div class=\"pt-60 pt-lg-100\"><\/div>\n\n  \n  <div class=\"container \">\n    <div class=\"row\">\n      <div class=\"col-12\">\n        <span class=\"rich-text standard-text fg-color-navy\">\n          <h2><img loading=\"lazy\" decoding=\"async\" class=\"alignleft wp-image-350369\" src=\"https:\/\/assets.lightsourcebp.com\/app\/uploads\/2023\/12\/15151341\/Fr-form-banner-mini-150x150.png\" alt=\"solar panels mid-banner\" width=\"1300\" height=\"130\" srcset=\"https:\/\/assets.lightsourcebp.com\/app\/uploads\/2023\/12\/15151341\/Fr-form-banner-mini-300x30.png 300w, https:\/\/assets.lightsourcebp.com\/app\/uploads\/2023\/12\/15151341\/Fr-form-banner-mini-1024x102.png 1024w, https:\/\/assets.lightsourcebp.com\/app\/uploads\/2023\/12\/15151341\/Fr-form-banner-mini-80x8.png 80w, https:\/\/assets.lightsourcebp.com\/app\/uploads\/2023\/12\/15151341\/Fr-form-banner-mini-150x15.png 150w, https:\/\/assets.lightsourcebp.com\/app\/uploads\/2023\/12\/15151341\/Fr-form-banner-mini-450x45.png 450w, https:\/\/assets.lightsourcebp.com\/app\/uploads\/2023\/12\/15151341\/Fr-form-banner-mini-767x77.png 767w, https:\/\/assets.lightsourcebp.com\/app\/uploads\/2023\/12\/15151341\/Fr-form-banner-mini-1000x100.png 1000w, https:\/\/assets.lightsourcebp.com\/app\/uploads\/2023\/12\/15151341\/Fr-form-banner-mini-1200x120.png 1200w, https:\/\/assets.lightsourcebp.com\/app\/uploads\/2023\/12\/15151341\/Fr-form-banner-mini-1600x160.png 1600w, https:\/\/assets.lightsourcebp.com\/app\/uploads\/2023\/12\/15151341\/Fr-form-banner-mini-1920x192.png 1920w, https:\/\/assets.lightsourcebp.com\/app\/uploads\/2023\/12\/15151341\/Fr-form-banner-mini.png 2000w\" sizes=\"auto, (max-width: 1300px) 100vw, 1300px\" \/><\/h2>\n<h2>Participez \u00e0 l\u2019aventure agrivolta\u00efque !<\/h2>\n<p>Laissez-nous vos coordonn\u00e9es : nos experts sont \u00e0 votre disposition pour d\u00e9velopper les projets qui r\u00e9pondent \u00e0 vos besoins et s\u2019adaptent aux particularit\u00e9s de votre terrain.<\/p>\n<style>.embed-container {position: relative; height: 0; padding-bottom:80%; max-width: 100%;} .embed-container iframe, .embed-container object, .embed-container iframe{position: absolute; top: 0; left: 0; width: 100%; height: 100%;} small{position: absolute; z-index: 40; bottom: 0; margin-bottom: -15px;}<\/style>\n<div class=\"embed-container\"><iframe loading=\"lazy\" name=\"survey123webform\" width=\"500\" height=\"400\" frameborder=\"0\" marginheight=\"0\" marginwidth=\"0\" title=\"LSbp FR Landowner Survey\" src=\"\/\/survey123.arcgis.com\/share\/de1582f2b0c64bfcbc95884309bbfe81\" allow=\"geolocation\nhttps:\/\/survey123.arcgis.com;\ncamera\nhttps:\/\/survey123.arcgis.com\"><\/iframe><\/div>\n<p><script>var\nsurvey123webform = document.getElementsByName('survey123webform')[0];window.addEventListener(\"message\",e=>{if(e.data){var t=JSON.parse(e.data);[\"survey123:webform:formLoaded\",\"survey123:onFormLoaded\"].includes(t.event)&&t.contentHeight&&(survey123webform.parentNode.style.height=t.contentHeight+\"px\")&&(survey123webform.parentNode.style[\"padding-bottom\"]=\"unset\")}});<\/script><\/p>\n\n        <\/span>\n      <\/div>\n    <\/div>\n  <\/div>\n\n  <div class=\"pt-60 pt-lg-0\"><\/div>\n<\/section>\n\n\n<section class=\"fifty-fifty align block_acf-block-67d9d50de2733 block bg-color-white position-relative z-1 overflow-hidden\">\n        <div class=\"pt-60 pt-lg-100\"><\/div>\n\n    \n    <div class=\"fifty-fifty__row\">\n      <div class=\"container \">\n        <div class=\"row align-items-center\">\n                      <div class=\"col-12 col-lg-6 align-self-center fifty-left d-flex flex-column order-2 order-lg-1\">\n                                                                  <h2 class=\"mb-20 \">Le solaire, l\u2019alli\u00e9 d\u2019une activit\u00e9 p\u00e9renne<\/h2>\n                                                                                                                                                                <div class=\"flex flex-column w-100 line-height-level-6 mb-15 fifty-fifty__text font-size-paragraph-medium  fg-color-navy-text \">\n                    <p>Abondante, fiable et rentable, l\u2019\u00e9nergie solaire a un r\u00f4le important \u00e0 jouer dans la lutte contre les effets du changement climatique.<\/p>\n<p>Gr\u00e2ce \u00e0 leur concept de production \u00e9tag\u00e9e, nos solutions agrivolta\u00efques permettent de multiplier les usages d\u2019un m\u00eame foncier, l\u2019activit\u00e9 agricole demeurant l\u2019activit\u00e9 principale. Nos fermes agrivolta\u00efques permettent une production d\u2019\u00e9nergie renouvelable tout en s\u00e9curisant et valorisant la production agricole ou industrielle du propri\u00e9taire foncier. Et sans aucun investissement de sa part puisque nous g\u00e9rons les projets de A \u00e0 Z, de la construction \u00e0 leur d\u00e9marrage et leur exploitation pendant environ 40 ans, jusqu\u2019\u00e0 leur d\u00e9mant\u00e8lement.<\/p>\n<p>Nos centrales au sol sont \u00e9galement une solution de choix pour valoriser des terrains non utilis\u00e9s ou d\u00e9grad\u00e9s en produisant de l\u2019\u00e9nergie solaire pour b\u00e9n\u00e9ficier d\u2019une \u00e9nergie verte \u00e0 moindre co\u00fbt. <\/p>\n<p>Chez Lightsource bp, nous comptons parmi les leaders dans le d\u00e9veloppement, le financement et l\u2019exploitation de fermes solaires.<\/p>\n\n                  <\/div>\n                                                                                                                                                                                  <div class=\"d-inline-flex w-100 button-container mb-15\">\n                    <a class=\"button button--gradient my-0 mr-auto\" href=\"https:\/\/assets.lightsourcebp.com\/app\/uploads\/2025\/03\/18201101\/Brochure_France_2025-03.pdf\" target=\"_blank\"><span>T\u00e9l\u00e9chargez notre brochure sur l&#8217;\u00e9nergie solaire<\/span> <svg xmlns=\"http:\/\/www.w3.org\/2000\/svg\" width=\"8\" height=\"14\" fill=\"none\"><path stroke=\"currentColor\" stroke-linecap=\"round\" stroke-linejoin=\"round\" stroke-width=\"2\" d=\"m1 13 6-6-6-6\"\/><\/svg><\/a>\n                  <\/div>\n                                                                                          <\/div>\n                                <div class=\"col-12 col-lg-6 align-self-center fifty-right d-flex flex-column mb-lg-0 mt-lg-0 order-3 order-lg-1  mt-15 \">\n                                                                                                                <div class=\"flex flex-column w-100 mb-30 fifty-fifty__image\">\n                    <picture><source srcset=\"https:\/\/assets.lightsourcebp.com\/app\/uploads\/2022\/11\/29015120\/Sheep-in-field-sustainability-1024x614-1.png 1024w, https:\/\/assets.lightsourcebp.com\/app\/uploads\/2022\/11\/29015120\/Sheep-in-field-sustainability-1024x614-1-300x180.png 300w, https:\/\/assets.lightsourcebp.com\/app\/uploads\/2022\/11\/29015120\/Sheep-in-field-sustainability-1024x614-1-80x48.png 80w, https:\/\/assets.lightsourcebp.com\/app\/uploads\/2022\/11\/29015120\/Sheep-in-field-sustainability-1024x614-1-150x90.png 150w, https:\/\/assets.lightsourcebp.com\/app\/uploads\/2022\/11\/29015120\/Sheep-in-field-sustainability-1024x614-1-450x270.png 450w, https:\/\/assets.lightsourcebp.com\/app\/uploads\/2022\/11\/29015120\/Sheep-in-field-sustainability-1024x614-1-767x460.png 767w, https:\/\/assets.lightsourcebp.com\/app\/uploads\/2022\/11\/29015120\/Sheep-in-field-sustainability-1024x614-1-1000x600.png 1000w\" sizes=\"100vw\"><img loading=\"lazy\" decoding=\"async\" src=\"https:\/\/assets.lightsourcebp.com\/app\/uploads\/2022\/11\/29015120\/Sheep-in-field-sustainability-1024x614-1.png\" alt=\"\" width=\"1024\" height=\"614\" class=\"d-flex max-w-100 w-100 h-auto mx-auto fit-cover rounded-10px\"><\/picture>\n                  <\/div>\n                                                                          <\/div>\n                  <\/div>\n      <\/div>\n    <\/div>\n\n  <div class=\"pt-60 pt-lg-100\"><\/div>\n  <\/section>\n","protected":false},"excerpt":{"rendered":"","protected":false},"author":40,"featured_media":0,"parent":313928,"menu_order":0,"comment_status":"closed","ping_status":"closed","template":"","meta":{"_acf_changed":false,"inline_featured_image":false,"footnotes":""},"class_list":["post-315064","page","type-page","status-publish","hentry"],"acf":[],"aioseo_notices":[],"_links":{"self":[{"href":"https:\/\/sandbox.lightsourcebp.com\/fr\/wp-json\/wp\/v2\/pages\/315064","targetHints":{"allow":["GET"]}}],"collection":[{"href":"https:\/\/sandbox.lightsourcebp.com\/fr\/wp-json\/wp\/v2\/pages"}],"about":[{"href":"https:\/\/sandbox.lightsourcebp.com\/fr\/wp-json\/wp\/v2\/types\/page"}],"author":[{"embeddable":true,"href":"https:\/\/sandbox.lightsourcebp.com\/fr\/wp-json\/wp\/v2\/users\/40"}],"replies":[{"embeddable":true,"href":"https:\/\/sandbox.lightsourcebp.com\/fr\/wp-json\/wp\/v2\/comments?post=315064"}],"version-history":[{"count":105,"href":"https:\/\/sandbox.lightsourcebp.com\/fr\/wp-json\/wp\/v2\/pages\/315064\/revisions"}],"predecessor-version":[{"id":444996,"href":"https:\/\/sandbox.lightsourcebp.com\/fr\/wp-json\/wp\/v2\/pages\/315064\/revisions\/444996"}],"up":[{"embeddable":true,"href":"https:\/\/sandbox.lightsourcebp.com\/fr\/wp-json\/wp\/v2\/pages\/313928"}],"wp:attachment":[{"href":"https:\/\/sandbox.lightsourcebp.com\/fr\/wp-json\/wp\/v2\/media?parent=315064"}],"curies":[{"name":"wp","href":"https:\/\/api.w.org\/{rel}","templated":true}]}}