{"id":313261,"date":"2023-09-26T08:28:06","date_gmt":"2023-09-26T08:28:06","guid":{"rendered":"https:\/\/sandbox.lightsourcebp.com\/?page_id=313261"},"modified":"2025-06-19T17:28:43","modified_gmt":"2025-06-19T17:28:43","slug":"diversite-equite-inclusion","status":"publish","type":"page","link":"https:\/\/sandbox.lightsourcebp.com\/fr\/developpement-durable\/diversite-equite-inclusion\/","title":{"rendered":"Diversit\u00e9, \u00e9quit\u00e9 et inclusion"},"content":{"rendered":"<section class=\"block-page-title bg-color-white\">\n  <div class=\"pt-60 pt-lg-100\"><\/div>\n\n  <div class=\"container\">\n    <div class=\"row\">\n      <div class=\"col-12\">\n                <h1 class=\"fg-color-gradient\">Valoriser la diversit\u00e9, l\u2019\u00e9quit\u00e9 et l\u2019inclusion<\/h1>\n      <\/div>\n    <\/div>\n  <\/div>\n\n  <div class=\"pt-60 pt-lg-100\"><\/div>\n<\/section>\n  \n\n\n<section class=\"banner-single position-relative\">\n  <div class=\"container-fluid\">\n    <div class=\"row\">\n      <div class=\"col-12 px-0\">\n                <div class=\"position-relative w-100 h-100 aspect-ratio-banner object-fit-cover\">\n          <picture>\n                    <source srcset=\"https:\/\/assets.lightsourcebp.com\/app\/uploads\/2023\/09\/19165026\/Lightsource-bp-collaboratrice-450x174.jpg, https:\/\/assets.lightsourcebp.com\/app\/uploads\/2023\/09\/19165026\/Lightsource-bp-collaboratrice-1000x387.jpg 2x\"\n                          media=\"(max-width: 575px)\">\n                    <source srcset=\"https:\/\/assets.lightsourcebp.com\/app\/uploads\/2023\/09\/19165026\/Lightsource-bp-collaboratrice-1000x387.jpg, https:\/\/assets.lightsourcebp.com\/app\/uploads\/2023\/09\/19165026\/Lightsource-bp-collaboratrice.jpg 2x\"\n                          media=\"(min-width: 576px) and (max-width: 991px)\">\n                    <source srcset=\"https:\/\/assets.lightsourcebp.com\/app\/uploads\/2023\/09\/19165026\/Lightsource-bp-collaboratrice.jpg, https:\/\/assets.lightsourcebp.com\/app\/uploads\/2023\/09\/19165026\/Lightsource-bp-collaboratrice.jpg 2x\"\n                          media=\"(min-width: 992px)\">\n                    <img loading=\"lazy\" decoding=\"async\" src=\"https:\/\/assets.lightsourcebp.com\/app\/uploads\/2023\/09\/19165026\/Lightsource-bp-collaboratrice.jpg\" alt=\"\"\n                       srcset=\"https:\/\/assets.lightsourcebp.com\/app\/uploads\/2023\/09\/19165026\/Lightsource-bp-collaboratrice.jpg 2x\"\n                       sizes=\"auto, 100vw\"\n                       class=\"position-absolute w-100 h-100 left-0 top-0 object-fit-cover\"\n                       width=\"1540\"\n                       height=\"596\">\n                <\/picture>\n        <\/div>\n              <\/div>\n    <\/div>\n  <\/div>\n<\/section>\n\n\n<section class=\"fifty-fifty align block_acf-block-67ade02fc6326 block bg-color-white position-relative z-1 overflow-hidden\">\n        <div class=\"pt-60 pt-lg-100\"><\/div>\n\n    \n    <div class=\"fifty-fifty__row\">\n      <div class=\"container \">\n        <div class=\"row align-items-center\">\n                      <div class=\"col-12 col-lg-6 col-xl-5 align-self-center fifty-left d-flex flex-column order-2 order-lg-1\">\n                                                                  <h2 class=\"mb-20 \">Au-del\u00e0 d\u2019une politique, les fondements de notre organisation<\/h2>\n                                                                                                                                                                <div class=\"flex flex-column w-100 line-height-level-6 mb-15 fifty-fifty__text font-size-paragraph-medium  fg-color-navy-text \">\n                    <p>Avec une pr\u00e9sence sur 20 march\u00e9s dans le monde, nous sommes, par nature, une entreprise internationale et multiculturelle. Chez Lightsource bp, la diversit\u00e9, l\u2019\u00e9quit\u00e9 et l\u2019inclusion ne sont pas que des mots : ils sont les fondements de notre culture d\u2019entreprise et guident la fa\u00e7on dont nos \u00e9quipes sont s\u00e9lectionn\u00e9es et nos leaders de demain form\u00e9s. En somme, ces mots font partie int\u00e9grante de notre strat\u00e9gie de croissance, car nos collaborateurs et collaboratrices sont l\u2019\u00e9nergie qui fait avancer l\u2019entreprise\u2009!<\/p>\n<p>Notre programme \u00ab\u2009Vibes\u2009\u00bb en est l\u2019illustration : mis en place pour cr\u00e9er un lieu de travail inclusif, il leur permet de d\u00e9velopper toujours plus leurs talents. Nous encourageons ainsi l\u2019\u00e9galit\u00e9 des chances et une \u00e9volution professionnelle \u00e9quitable pour que chacun et chacune tire le meilleur parti de l\u2019entreprise et donne le meilleur de soi.<\/p>\n\n                  <\/div>\n                                                                                                                                                                                  <div class=\"d-inline-flex w-100 button-container mb-15\">\n                    <a class=\"button button--gradient my-0 mr-auto\" href=\"https:\/\/sandbox.lightsourcebp.com\/fr\/a-propos\/talents-culture-entreprise\/\" target=\"_blank\"><span>Notre culture d&#8217;entreprise<\/span> <svg xmlns=\"http:\/\/www.w3.org\/2000\/svg\" width=\"8\" height=\"14\" fill=\"none\"><path stroke=\"currentColor\" stroke-linecap=\"round\" stroke-linejoin=\"round\" stroke-width=\"2\" d=\"m1 13 6-6-6-6\"\/><\/svg><\/a>\n                  <\/div>\n                                                                                          <\/div>\n                                <div class=\"col-12 col-lg-6 col-xl-6 offset-xl-1 align-self-center fifty-right d-flex flex-column mb-lg-0 mt-lg-0 order-3 order-lg-1  mt-15 \">\n                                                                                                                <div class=\"flex flex-column w-100 mb-30 fifty-fifty__image\">\n                    <picture><source srcset=\"https:\/\/assets.lightsourcebp.com\/app\/uploads\/2023\/09\/19165154\/Lightsource-bp-programme-RH-VIBES.jpg 624w, https:\/\/assets.lightsourcebp.com\/app\/uploads\/2023\/09\/19165154\/Lightsource-bp-programme-RH-VIBES-300x169.jpg 300w, https:\/\/assets.lightsourcebp.com\/app\/uploads\/2023\/09\/19165154\/Lightsource-bp-programme-RH-VIBES-80x45.jpg 80w, https:\/\/assets.lightsourcebp.com\/app\/uploads\/2023\/09\/19165154\/Lightsource-bp-programme-RH-VIBES-150x84.jpg 150w, https:\/\/assets.lightsourcebp.com\/app\/uploads\/2023\/09\/19165154\/Lightsource-bp-programme-RH-VIBES-450x253.jpg 450w\" sizes=\"100vw\"><img loading=\"lazy\" decoding=\"async\" src=\"https:\/\/assets.lightsourcebp.com\/app\/uploads\/2023\/09\/19165154\/Lightsource-bp-programme-RH-VIBES.jpg\" alt=\"VIBES\" width=\"624\" height=\"351\" class=\"d-flex max-w-100 w-100 h-auto mx-auto fit-cover rounded-10px\"><\/picture>\n                  <\/div>\n                                                                          <\/div>\n                  <\/div>\n      <\/div>\n    <\/div>\n\n  <div class=\"pt-30 pt-lg-100\"><\/div>\n  <\/section>\n\n\n<section class=\"fifty-fifty align block_acf-block-66e7d77c0e3d8 block bg-color-orange-3-percent position-relative z-1 overflow-hidden\">\n        <div class=\"pt-60 pt-lg-100\"><\/div>\n\n          <img decoding=\"async\" class=\"position-absolute top-n20 right-n125 right-sm-n80 right-md-n45 right-xl-n32 rotate-230 -z-1\" src=\"https:\/\/sandbox.lightsourcebp.com\/app\/themes\/lightsourcebp-theme\/dist\/images\/global\/background-swirls_9a37eafe.png\" alt=\"\" \/>\n    \n    <div class=\"fifty-fifty__row\">\n      <div class=\"container \">\n        <div class=\"row align-items-center\">\n                      <div class=\"col-12 col-lg-6 col-xl-7 align-self-center fifty-left d-flex flex-column order-2 order-lg-1\">\n                                                                  <h2 class=\"mb-20 \">La diversit\u00e9, socle de notre culture commune<\/h2>\n                                                                                                                                                                <div class=\"flex flex-column w-100 line-height-level-6 mb-15 fifty-fifty__text font-size-paragraph-medium  fg-color-navy-text \">\n                    <p>La diversit\u00e9, c\u2019est reconna\u00eetre, respecter et valoriser les diff\u00e9rences fond\u00e9es sur l\u2019\u00e2ge, le handicap, la nationalit\u00e9, les origines g\u00e9ographiques ou socio-\u00e9conomiques, la religion, le statut familial, l\u2019identit\u00e9 ou l\u2019expression de genre ou encore l\u2019orientation sexuelle.<br \/>\nCertains groupes d\u2019individus sont parfois historiquement marginalis\u00e9s, voire ne sont pas toujours prot\u00e9g\u00e9s dans les pays o\u00f9 nous op\u00e9rons. Chez Lightsource bp, nous poursuivons nos efforts pour leur donner envie de travailler chez nous, les fid\u00e9liser et les faire \u00e9voluer professionnellement. Car la diversit\u00e9 est une force et une richesse que nous devons cultiver jour apr\u00e8s jour\u2009!<\/p>\n\n                  <\/div>\n                                                                                                          <\/div>\n                            <\/div>\n      <\/div>\n    <\/div>\n\n  <div class=\"pt-0 pt-lg-30\"><\/div>\n  <\/section>\n\n\n<section class=\"cards-with-icon-grid align block_acf-block-685448c93d38d block bg-color-orange-3-percent\">\n  <div class=\"pt-60 pt-lg-30\"><\/div>\n\n  <div class=\"container\">\n        <div class=\"row flex-center\">\n                        <div class=\"col-6 col-md-4 mb-30\">\n            <div class=\"d-flex flex-column flex-middle text-center  \">\n                              <div class=\"w-75px h-75px d-flex flex-column flex-middle mb-25\">\n                  <picture><source srcset=\"https:\/\/assets.lightsourcebp.com\/app\/uploads\/2023\/07\/07000817\/construction-worker-icon-2023.png\"><img loading=\"lazy\" decoding=\"async\" src=\"https:\/\/assets.lightsourcebp.com\/app\/uploads\/2023\/07\/07000817\/construction-worker-icon-2023.png\" alt=\"\" width=\"60\" height=\"72\" class=\"d-flex w-100 h-100\"><\/picture>\n                <\/div>\n              \n              <h3 class=\"mb-20 font-size-h2   \">\n                                  <span class=\"value \" number=\"1000\">0<\/span>\n                \n                              <\/h3>\n\n              <p class=\"line-height-level-6 w-100 w-lg-90 font-weight-bold fg-color-navy-text \">collaborateurs en CDI<\/p>\n\n                          <\/div>\n          <\/div>\n                  <div class=\"col-6 col-md-4 mb-30\">\n            <div class=\"d-flex flex-column flex-middle text-center  \">\n                              <div class=\"w-75px h-75px d-flex flex-column flex-middle mb-25\">\n                  <picture><source srcset=\"https:\/\/assets.lightsourcebp.com\/app\/uploads\/2023\/03\/10162302\/Team-icon-1.png 100w, https:\/\/assets.lightsourcebp.com\/app\/uploads\/2023\/03\/10162302\/Team-icon-1-80x80.png 80w\" sizes=\"\"><img loading=\"lazy\" decoding=\"async\" src=\"https:\/\/assets.lightsourcebp.com\/app\/uploads\/2023\/03\/10162302\/Team-icon-1.png\" alt=\"\" width=\"100\" height=\"100\" class=\"d-flex w-100 h-100\"><\/picture>\n                <\/div>\n              \n              <h3 class=\"mb-20 font-size-h2   \">\n                                  <span class=\"value \" number=\"60\">0<\/span>\n                \n                              <\/h3>\n\n              <p class=\"line-height-level-6 w-100 w-lg-90 font-weight-bold fg-color-navy-text \">nationalit\u00e9s repr\u00e9sent\u00e9es<\/p>\n\n                          <\/div>\n          <\/div>\n                  <div class=\"col-6 col-md-4 mb-30\">\n            <div class=\"d-flex flex-column flex-middle text-center  \">\n                              <div class=\"w-75px h-75px d-flex flex-column flex-middle mb-25\">\n                  <picture><source srcset=\"https:\/\/assets.lightsourcebp.com\/app\/uploads\/2023\/09\/19135529\/women-icon-1.png 100w, https:\/\/assets.lightsourcebp.com\/app\/uploads\/2023\/09\/19135529\/women-icon-1-80x80.png 80w\" sizes=\"\"><img loading=\"lazy\" decoding=\"async\" src=\"https:\/\/assets.lightsourcebp.com\/app\/uploads\/2023\/09\/19135529\/women-icon-1.png\" alt=\"\" width=\"100\" height=\"100\" class=\"d-flex w-100 h-100\"><\/picture>\n                <\/div>\n              \n              <h3 class=\"mb-20 font-size-h2   \">\n                                  <span class=\"value \" number=\"28\">0<\/span>\n                \n                                  <span class=\" ml-n5px\">%<\/span>\n                              <\/h3>\n\n              <p class=\"line-height-level-6 w-100 w-lg-90 font-weight-bold fg-color-navy-text \">de femmes au sein du top management<\/p>\n\n                          <\/div>\n          <\/div>\n                  <\/div>\n  <\/div>\n\n  <div class=\"pt-60 pt-lg-30\"><\/div>\n<\/section>\n\n\n<section class=\"fifty-fifty align block_acf-block-66e7d77c0f99e block bg-color-white position-relative z-1 overflow-hidden\">\n        <div class=\"pt-60 pt-lg-100\"><\/div>\n\n    \n    <div class=\"fifty-fifty__row\">\n      <div class=\"container \">\n        <div class=\"row align-items-center\">\n                      <div class=\"col-12 col-lg-6 col-xl-6 align-self-center fifty-left d-flex flex-column order-2 order-lg-1\">\n                                                                                                                <div class=\"flex flex-column w-100 mb-30 fifty-fifty__image\">\n                    <picture><source srcset=\"https:\/\/assets.lightsourcebp.com\/app\/uploads\/2023\/09\/19165532\/Lightsource-bp-groupe-collaborateurs.jpg 624w, https:\/\/assets.lightsourcebp.com\/app\/uploads\/2023\/09\/19165532\/Lightsource-bp-groupe-collaborateurs-300x169.jpg 300w, https:\/\/assets.lightsourcebp.com\/app\/uploads\/2023\/09\/19165532\/Lightsource-bp-groupe-collaborateurs-80x45.jpg 80w, https:\/\/assets.lightsourcebp.com\/app\/uploads\/2023\/09\/19165532\/Lightsource-bp-groupe-collaborateurs-150x84.jpg 150w, https:\/\/assets.lightsourcebp.com\/app\/uploads\/2023\/09\/19165532\/Lightsource-bp-groupe-collaborateurs-450x253.jpg 450w\" sizes=\"100vw\"><img loading=\"lazy\" decoding=\"async\" src=\"https:\/\/assets.lightsourcebp.com\/app\/uploads\/2023\/09\/19165532\/Lightsource-bp-groupe-collaborateurs.jpg\" alt=\"\" width=\"624\" height=\"351\" class=\"d-flex max-w-100 w-100 h-auto mx-auto fit-cover rounded-10px\"><\/picture>\n                  <\/div>\n                                                          <\/div>\n                                <div class=\"col-12 col-lg-6 col-xl-5 offset-xl-1 align-self-center fifty-right d-flex flex-column mb-lg-0 mt-lg-0 order-1 order-lg-1  mb-15 \">\n                                                                  <h2 class=\"mb-20 \">L\u2019\u00e9quit\u00e9, le fondement de tous nos choix<\/h2>\n                                                                                                                                                                                <div class=\"flex flex-column w-100 line-height-level-6 mb-15 fifty-fifty__text font-size-paragraph-medium  fg-color-navy-text \">\n\n                    <p>Si l\u2019\u00e9galit\u00e9 est l\u2019objectif final, l\u2019\u00e9quit\u00e9 est le moyen d\u2019y parvenir. Elle garantit l\u2019\u00e9galit\u00e9 des chances et l\u2019acc\u00e8s aux opportunit\u00e9s professionnelles pour une \u00e9volution \u00e9quitable pour tous, du recrutement \u00e0 la r\u00e9mun\u00e9ration en passant par la formation. Chez Lightsource bp, nous veillons \u00e0 ce que toutes nos d\u00e9cisions en mati\u00e8re de ressources humaines soient transparentes, \u00e9quitables et fond\u00e9es uniquement sur le m\u00e9rite.<\/p>\n\n                  <\/div>\n                                                                                                                          <\/div>\n                  <\/div>\n      <\/div>\n    <\/div>\n\n  <div class=\"pt-30 pt-lg-100\"><\/div>\n  <\/section>\n\n\n<section class=\"fifty-fifty align block_acf-block-66e7d77c0f9fa block bg-color-white position-relative z-1 overflow-hidden\">\n        <div class=\"pt-0 pt-lg-0\"><\/div>\n  \n    \n    <div class=\"fifty-fifty__row\">\n      <div class=\"container \">\n        <div class=\"row align-items-center\">\n                      <div class=\"col-12 col-lg-6 align-self-center fifty-left d-flex flex-column order-2 order-lg-1\">\n                                                                  <h2 class=\"mb-20 \">L\u2019inclusion, pour un environnement de travail juste et stimulant<\/h2>\n                                                                                                                                                                <div class=\"flex flex-column w-100 line-height-level-6 mb-15 fifty-fifty__text font-size-paragraph-medium  fg-color-navy-text \">\n                    <p>Chez Lightsource bp, cr\u00e9er une culture de l\u2019inclusion, c\u2019est cr\u00e9er un espace o\u00f9 chacun peut apporter ses id\u00e9es et \u00eatre soutenu pour donner le meilleur de lui-m\u00eame. C\u2019est un espace o\u00f9 les diff\u00e9rences sont valoris\u00e9es et o\u00f9 chacun et chacune peut se sentir libre d\u2019\u00eatre comme il ou elle est, sans jugement ni discrimination.<\/p>\n<p>En cr\u00e9ant un espace de s\u00e9curit\u00e9 psychologique, l\u2019inclusion stimule l\u2019esprit d\u2019entreprise et l\u2019innovation. C\u2019est pourquoi nous encourageons cette fa\u00e7on d\u2019\u00eatre qui nous caract\u00e9rise.<\/p>\n\n                  <\/div>\n                                                                                                          <\/div>\n                                <div class=\"col-12 col-lg-6 align-self-center fifty-right d-flex flex-column mb-lg-0 mt-lg-0 order-3 order-lg-1  mt-15 \">\n                                                                                                                <div class=\"flex flex-column w-100 mb-30 fifty-fifty__image\">\n                    <picture><source srcset=\"https:\/\/assets.lightsourcebp.com\/app\/uploads\/2023\/09\/19165621\/Lightsource-bp-collaborateurs-diversite.jpg 624w, https:\/\/assets.lightsourcebp.com\/app\/uploads\/2023\/09\/19165621\/Lightsource-bp-collaborateurs-diversite-300x169.jpg 300w, https:\/\/assets.lightsourcebp.com\/app\/uploads\/2023\/09\/19165621\/Lightsource-bp-collaborateurs-diversite-80x45.jpg 80w, https:\/\/assets.lightsourcebp.com\/app\/uploads\/2023\/09\/19165621\/Lightsource-bp-collaborateurs-diversite-150x84.jpg 150w, https:\/\/assets.lightsourcebp.com\/app\/uploads\/2023\/09\/19165621\/Lightsource-bp-collaborateurs-diversite-450x253.jpg 450w\" sizes=\"100vw\"><img loading=\"lazy\" decoding=\"async\" src=\"https:\/\/assets.lightsourcebp.com\/app\/uploads\/2023\/09\/19165621\/Lightsource-bp-collaborateurs-diversite.jpg\" alt=\"\" width=\"624\" height=\"351\" class=\"d-flex max-w-100 w-100 h-auto mx-auto fit-cover rounded-10px\"><\/picture>\n                  <\/div>\n                                                                          <\/div>\n                  <\/div>\n      <\/div>\n    <\/div>\n\n  <div class=\"pt-60 pt-lg-100\"><\/div>\n  <\/section>\n\n\n<section class=\"call-to-action align block_acf-block-66fecb2e7522b block call-to-action\">\n  <div class=\"pt-0 pt-lg-0\"><\/div>\n  \n  <div class=\"container-fluid z-2\">\n\n    <div class=\"row\">\n      <div class=\"col-12 col-lg-6 pl-0 pr-0\">\n        <picture><source srcset=\"https:\/\/assets.lightsourcebp.com\/app\/uploads\/2023\/03\/10163433\/join-lsbp-1-1.jpg 770w, https:\/\/assets.lightsourcebp.com\/app\/uploads\/2023\/03\/10163433\/join-lsbp-1-1-300x238.jpg 300w, https:\/\/assets.lightsourcebp.com\/app\/uploads\/2023\/03\/10163433\/join-lsbp-1-1-80x63.jpg 80w, https:\/\/assets.lightsourcebp.com\/app\/uploads\/2023\/03\/10163433\/join-lsbp-1-1-150x119.jpg 150w, https:\/\/assets.lightsourcebp.com\/app\/uploads\/2023\/03\/10163433\/join-lsbp-1-1-450x356.jpg 450w, https:\/\/assets.lightsourcebp.com\/app\/uploads\/2023\/03\/10163433\/join-lsbp-1-1-767x608.jpg 767w\" sizes=\"\"><img loading=\"lazy\" decoding=\"async\" src=\"https:\/\/assets.lightsourcebp.com\/app\/uploads\/2023\/03\/10163433\/join-lsbp-1-1.jpg\" alt=\"woman chatting to a man at an office desk\" width=\"770\" height=\"610\" class=\"w-100 w-lg-101 h-100 object-fit-cover ml--15px\"><\/picture>\n      <\/div>\n      <div class=\"col-12 col-lg-6 bg-color-gradient position-relative z-1 overflow-hidden\">\n\n                  <img decoding=\"async\" class=\"position-absolute bottom-0 right-10 -z-1\" src=\"https:\/\/sandbox.lightsourcebp.com\/app\/themes\/lightsourcebp-theme\/dist\/images\/global\/background-swirls-alt-red_9a37eafe.png\" alt=\"\" \/>\n        \n        <div class=\"d-flex flex-column flex-center h-100 px-15 px-md-50 py-60 py-lg-30 py-xxl-0\">\n                      <span class=\"d-flex font-size-navigation font-weight-semi-bold mb-15 text-transform-uppercase letter-spacing-title fg-color-gradient\">Carri\u00e8res<\/span>\n                                <h2 class=\"mb-20 fg-color-white\">Rejoignez une aventure qui a du sens\u2009!<\/h2>\n                                <div class=\"flex flex-column w-100 rich-text fg-color-white\">\n              <p>Vous \u00eates passionn\u00e9(e) par les \u00e9nergies renouvelables et souhaitez contribuer \u00e0 la transition \u00e9nerg\u00e9tique\u2009? Vous d\u00e9sirez int\u00e9grer une \u00e9quipe internationale au service de l\u2019innovation pour un avenir \u00e9nerg\u00e9tique durable\u2009? Pour en savoir plus et rejoindre l\u2019aventure Lightsource bp, rendez-vous dans notre espace \u00ab\u2009Carri\u00e8res\u2009\u00bb.<\/p>\n\n            <\/div>\n                                            <div class=\"d-inline-flex w-100 button-container mb-15\">\n              <a class=\"button button--gradient my-0 mr-auto\" href=\"https:\/\/www.lightsourcebp.com\/fr\/carrieres\/\" target=\"_self\"><span>Consultez nos offres d&#8217;emploi<\/span> <svg xmlns=\"http:\/\/www.w3.org\/2000\/svg\" width=\"8\" height=\"14\" fill=\"none\"><path stroke=\"currentColor\" stroke-linecap=\"round\" stroke-linejoin=\"round\" stroke-width=\"2\" d=\"m1 13 6-6-6-6\"\/><\/svg><\/a>\n            <\/div>\n                  <\/div>\n      <\/div>\n    <\/div>\n  <\/div>\n  <div class=\"pt-0 pt-lg-0\"><\/div>\n  <\/section>\n","protected":false},"excerpt":{"rendered":"","protected":false},"author":40,"featured_media":0,"parent":313029,"menu_order":0,"comment_status":"closed","ping_status":"closed","template":"","meta":{"_acf_changed":false,"inline_featured_image":false,"footnotes":""},"class_list":["post-313261","page","type-page","status-publish","hentry"],"acf":[],"aioseo_notices":[],"_links":{"self":[{"href":"https:\/\/sandbox.lightsourcebp.com\/fr\/wp-json\/wp\/v2\/pages\/313261","targetHints":{"allow":["GET"]}}],"collection":[{"href":"https:\/\/sandbox.lightsourcebp.com\/fr\/wp-json\/wp\/v2\/pages"}],"about":[{"href":"https:\/\/sandbox.lightsourcebp.com\/fr\/wp-json\/wp\/v2\/types\/page"}],"author":[{"embeddable":true,"href":"https:\/\/sandbox.lightsourcebp.com\/fr\/wp-json\/wp\/v2\/users\/40"}],"replies":[{"embeddable":true,"href":"https:\/\/sandbox.lightsourcebp.com\/fr\/wp-json\/wp\/v2\/comments?post=313261"}],"version-history":[{"count":106,"href":"https:\/\/sandbox.lightsourcebp.com\/fr\/wp-json\/wp\/v2\/pages\/313261\/revisions"}],"predecessor-version":[{"id":465117,"href":"https:\/\/sandbox.lightsourcebp.com\/fr\/wp-json\/wp\/v2\/pages\/313261\/revisions\/465117"}],"up":[{"embeddable":true,"href":"https:\/\/sandbox.lightsourcebp.com\/fr\/wp-json\/wp\/v2\/pages\/313029"}],"wp:attachment":[{"href":"https:\/\/sandbox.lightsourcebp.com\/fr\/wp-json\/wp\/v2\/media?parent=313261"}],"curies":[{"name":"wp","href":"https:\/\/api.w.org\/{rel}","templated":true}]}}