{"id":313254,"date":"2023-09-26T08:27:01","date_gmt":"2023-09-26T08:27:01","guid":{"rendered":"https:\/\/sandbox.lightsourcebp.com\/?page_id=313254"},"modified":"2025-06-19T17:25:32","modified_gmt":"2025-06-19T17:25:32","slug":"securite-excellence-operationnelle","status":"publish","type":"page","link":"https:\/\/sandbox.lightsourcebp.com\/fr\/developpement-durable\/securite-excellence-operationnelle\/","title":{"rendered":"S\u00e9curit\u00e9"},"content":{"rendered":"<section class=\"block-page-title bg-color-white\">\n  <div class=\"pt-60 pt-lg-100\"><\/div>\n\n  <div class=\"container\">\n    <div class=\"row\">\n      <div class=\"col-12\">\n                <h1 class=\"fg-color-gradient\">La s\u00e9curit\u00e9, au c\u0153ur de notre excellence op\u00e9rationnelle<\/h1>\n      <\/div>\n    <\/div>\n  <\/div>\n\n  <div class=\"pt-60 pt-lg-100\"><\/div>\n<\/section>\n  \n\n\n<section class=\"banner-single position-relative\">\n  <div class=\"container-fluid\">\n    <div class=\"row\">\n      <div class=\"col-12 px-0\">\n                <div class=\"position-relative w-100 h-100 aspect-ratio-banner object-fit-cover\">\n          <picture>\n                    <source srcset=\"https:\/\/assets.lightsourcebp.com\/app\/uploads\/2023\/09\/19164200\/Lightsource-bp-ferme-solaire-vue-drone-1-450x174.jpg, https:\/\/assets.lightsourcebp.com\/app\/uploads\/2023\/09\/19164200\/Lightsource-bp-ferme-solaire-vue-drone-1-1000x387.jpg 2x\"\n                          media=\"(max-width: 575px)\">\n                    <source srcset=\"https:\/\/assets.lightsourcebp.com\/app\/uploads\/2023\/09\/19164200\/Lightsource-bp-ferme-solaire-vue-drone-1-1000x387.jpg, https:\/\/assets.lightsourcebp.com\/app\/uploads\/2023\/09\/19164200\/Lightsource-bp-ferme-solaire-vue-drone-1.jpg 2x\"\n                          media=\"(min-width: 576px) and (max-width: 991px)\">\n                    <source srcset=\"https:\/\/assets.lightsourcebp.com\/app\/uploads\/2023\/09\/19164200\/Lightsource-bp-ferme-solaire-vue-drone-1.jpg, https:\/\/assets.lightsourcebp.com\/app\/uploads\/2023\/09\/19164200\/Lightsource-bp-ferme-solaire-vue-drone-1.jpg 2x\"\n                          media=\"(min-width: 992px)\">\n                    <img loading=\"lazy\" decoding=\"async\" src=\"https:\/\/assets.lightsourcebp.com\/app\/uploads\/2023\/09\/19164200\/Lightsource-bp-ferme-solaire-vue-drone-1.jpg\" alt=\"\"\n                       srcset=\"https:\/\/assets.lightsourcebp.com\/app\/uploads\/2023\/09\/19164200\/Lightsource-bp-ferme-solaire-vue-drone-1.jpg 2x\"\n                       sizes=\"auto, 100vw\"\n                       class=\"position-absolute w-100 h-100 left-0 top-0 object-fit-cover\"\n                       width=\"1540\"\n                       height=\"596\">\n                <\/picture>\n        <\/div>\n              <\/div>\n    <\/div>\n  <\/div>\n<\/section>\n\n\n<section class=\"fifty-fifty align block_acf-block-6854480ac5b51 block bg-color-white position-relative z-1 overflow-hidden\">\n        <div class=\"pt-60 pt-lg-100\"><\/div>\n\n    \n    <div class=\"fifty-fifty__row\">\n      <div class=\"container \">\n        <div class=\"row align-items-center\">\n                      <div class=\"col-12 col-lg-6 col-xl-7 align-self-center fifty-left d-flex flex-column order-2 order-lg-1\">\n                                                                  <h2 class=\"mb-20 \">Notre approche de la s\u00e9curit\u00e9<\/h2>\n                                                                                                                                                                <div class=\"flex flex-column w-100 line-height-level-6 mb-15 fifty-fifty__text font-size-paragraph-medium  fg-color-navy-text \">\n                    <p>Chez Lightsource bp, nous agissons chaque jour pour cr\u00e9er un environnement de travail s\u00fbr et sain pour tous, collaborateurs et collaboratrices, sous-traitants et visiteurs. Notre objectif est clair : nous visons z\u00e9ro accident au poste de travail.<\/p>\n<p>Cette approche prend racine dans l\u2019engagement fort de nos dirigeants en faveur de la s\u00e9curit\u00e9, que nous appliquons jour apr\u00e8s jour pour mener \u00e0 bien nos projets renouvelables onshore dans le monde entier.<\/p>\n<p>Pour garantir que chacun travaille dans des conditions optimales de s\u00e9curit\u00e9, nous avons mis en place des r\u00e8gles d\u2019or qui s\u2019imposent \u00e0 toutes et tous. Leur finalit\u00e9\u2009? Pr\u00e9venir les accidents mortels et les blessures graves au travail. Ces r\u00e8gles couvrent principalement les activit\u00e9s pr\u00e9sentant un risque \u00e9lev\u00e9 et fournissent un cadre ainsi que des conseils pr\u00e9cis pour des op\u00e9rations s\u00fbres sur le terrain, au bureau et en t\u00e9l\u00e9travail.<\/p>\n<p>En 2024, nous avons enregistr\u00e9 un nombre total d\u2019incidents enregistr\u00e9s (TRIR) de 0,36. Nous souhaitons am\u00e9liorer encore cette dynamique et diffuser notre culture S\u00e9curit\u00e9 \u00e0 tous les niveaux de l\u2019entreprise, car la s\u00e9curit\u00e9 rel\u00e8ve de la responsabilit\u00e9 de chacune et chacun.<\/p>\n\n                  <\/div>\n                                                                                                                                                                                  <div class=\"d-inline-flex w-100 button-container mb-15\">\n                    <a class=\"button button--gradient my-0 mr-auto\" href=\"https:\/\/sandbox.lightsourcebp.com\/fr\/developpement-durable\/\" target=\"_blank\"><span>Notre cadre de d\u00e9veloppement durable<\/span> <svg xmlns=\"http:\/\/www.w3.org\/2000\/svg\" width=\"8\" height=\"14\" fill=\"none\"><path stroke=\"currentColor\" stroke-linecap=\"round\" stroke-linejoin=\"round\" stroke-width=\"2\" d=\"m1 13 6-6-6-6\"\/><\/svg><\/a>\n                  <\/div>\n                                                                                          <\/div>\n                                <div class=\"col-12 col-lg-6 col-xl-4 offset-xl-1 align-self-center fifty-right d-flex flex-column mb-lg-0 mt-lg-0 order-3 order-lg-1  mt-15 \">\n                                                                                                                <div class=\"flex flex-column w-100 mb-30 fifty-fifty__image\">\n                    <picture><source srcset=\"https:\/\/assets.lightsourcebp.com\/app\/uploads\/2023\/09\/19164408\/Lightsource-bp-ferme-solaire-installation.jpg 624w, https:\/\/assets.lightsourcebp.com\/app\/uploads\/2023\/09\/19164408\/Lightsource-bp-ferme-solaire-installation-200x300.jpg 200w, https:\/\/assets.lightsourcebp.com\/app\/uploads\/2023\/09\/19164408\/Lightsource-bp-ferme-solaire-installation-80x120.jpg 80w, https:\/\/assets.lightsourcebp.com\/app\/uploads\/2023\/09\/19164408\/Lightsource-bp-ferme-solaire-installation-150x225.jpg 150w, https:\/\/assets.lightsourcebp.com\/app\/uploads\/2023\/09\/19164408\/Lightsource-bp-ferme-solaire-installation-300x450.jpg 300w, https:\/\/assets.lightsourcebp.com\/app\/uploads\/2023\/09\/19164408\/Lightsource-bp-ferme-solaire-installation-450x675.jpg 450w\" sizes=\"100vw\"><img loading=\"lazy\" decoding=\"async\" src=\"https:\/\/assets.lightsourcebp.com\/app\/uploads\/2023\/09\/19164408\/Lightsource-bp-ferme-solaire-installation.jpg\" alt=\"\" width=\"624\" height=\"936\" class=\"d-flex max-w-100 w-100 h-auto mx-auto fit-cover rounded-10px\"><\/picture>\n                  <\/div>\n                                                                          <\/div>\n                  <\/div>\n      <\/div>\n    <\/div>\n\n  <div class=\"pt-30 pt-lg-100\"><\/div>\n  <\/section>\n\n\n<section class=\"fifty-fifty align block_acf-block-6729d29587961 block bg-color-orange-3-percent position-relative z-1 overflow-hidden\">\n        <div class=\"pt-60 pt-lg-100\"><\/div>\n\n          <img decoding=\"async\" class=\"position-absolute top-n20 right-n125 right-sm-n80 right-md-n45 right-xl-n32 rotate-230 -z-1\" src=\"https:\/\/sandbox.lightsourcebp.com\/app\/themes\/lightsourcebp-theme\/dist\/images\/global\/background-swirls_9a37eafe.png\" alt=\"\" \/>\n    \n    <div class=\"fifty-fifty__row\">\n      <div class=\"container \">\n        <div class=\"row align-items-center\">\n                      <div class=\"col-12 col-lg-6 col-xl-5 align-self-center fifty-left d-flex flex-column order-2 order-lg-1\">\n                                                                                                                <div class=\"flex flex-column w-100 mb-30 fifty-fifty__image\">\n                    <picture><source srcset=\"https:\/\/assets.lightsourcebp.com\/app\/uploads\/2023\/09\/19164703\/Lightsource-bp-ferme-solaire-securite-collaborateurs.jpg 624w, https:\/\/assets.lightsourcebp.com\/app\/uploads\/2023\/09\/19164703\/Lightsource-bp-ferme-solaire-securite-collaborateurs-300x169.jpg 300w, https:\/\/assets.lightsourcebp.com\/app\/uploads\/2023\/09\/19164703\/Lightsource-bp-ferme-solaire-securite-collaborateurs-80x45.jpg 80w, https:\/\/assets.lightsourcebp.com\/app\/uploads\/2023\/09\/19164703\/Lightsource-bp-ferme-solaire-securite-collaborateurs-150x84.jpg 150w, https:\/\/assets.lightsourcebp.com\/app\/uploads\/2023\/09\/19164703\/Lightsource-bp-ferme-solaire-securite-collaborateurs-450x253.jpg 450w\" sizes=\"100vw\"><img loading=\"lazy\" decoding=\"async\" src=\"https:\/\/assets.lightsourcebp.com\/app\/uploads\/2023\/09\/19164703\/Lightsource-bp-ferme-solaire-securite-collaborateurs.jpg\" alt=\"\" width=\"624\" height=\"351\" class=\"d-flex max-w-100 w-100 h-auto mx-auto fit-cover rounded-10px\"><\/picture>\n                  <\/div>\n                                                          <\/div>\n                                <div class=\"col-12 col-lg-6 col-xl-6 offset-xl-1 align-self-center fifty-right d-flex flex-column mb-lg-0 mt-lg-0 order-1 order-lg-1  mb-15 \">\n                                                                  <h2 class=\"mb-20 \">Nourrir notre culture S\u00e9curit\u00e9<\/h2>\n                                                                                                                                                                                <div class=\"flex flex-column w-100 line-height-level-6 mb-15 fifty-fifty__text font-size-paragraph-medium  fg-color-navy-text \">\n\n                    <p>Faire vivre notre culture S\u00e9curit\u00e9, c\u2019est impliquer chaque jour l\u2019ensemble de nos collaborateurs et collaboratrices, partenaires et prestataires.<\/p>\n<p>Aussi, pour maintenir un niveau de s\u00e9curit\u00e9 optimal, nous faisons confiance au collectif et encourageons les processus de remont\u00e9e des incidents. Tout probl\u00e8me doit \u00eatre signal\u00e9 en toute confiance et transparence, et toute personne pr\u00e9sente sur nos sites peut et doit interrompre le travail en cours si elle per\u00e7oit une situation dangereuse. Cette solide culture du collectif am\u00e9liore sans cesse nos m\u00e9thodes de travail.<\/p>\n<p>Quant \u00e0 nos fournisseurs et prestataires, nous ne travaillons qu\u2019avec ceux qui ont fait la preuve de leur engagement en mati\u00e8re de s\u00e9curit\u00e9 au travail.<\/p>\n<p>Et pour nous assurer que les enjeux li\u00e9s \u00e0 la s\u00e9curit\u00e9 sont int\u00e9gr\u00e9s et compris de tous, nos collaborateurs et collaboratrices b\u00e9n\u00e9ficient de formations obligatoires et de mises \u00e0 niveau r\u00e9guli\u00e8res sur les nouveaux risques identifi\u00e9s.<\/p>\n\n                  <\/div>\n                                                                                                                                                                                                  <div class=\"d-inline-flex w-100 button-container mb-15\">\n                    <a class=\"button button--gradient my-0 mr-auto\" href=\"https:\/\/sandbox.lightsourcebp.com\/fr\/a-propos\/talents-culture-entreprise\/\" target=\"_self\"><span>Nos talents et notre culture d&#8217;entreprise<\/span> <svg xmlns=\"http:\/\/www.w3.org\/2000\/svg\" width=\"8\" height=\"14\" fill=\"none\"><path stroke=\"currentColor\" stroke-linecap=\"round\" stroke-linejoin=\"round\" stroke-width=\"2\" d=\"m1 13 6-6-6-6\"\/><\/svg><\/a>\n                  <\/div>\n                                                                                                          <\/div>\n                  <\/div>\n      <\/div>\n    <\/div>\n\n  <div class=\"pt-30 pt-lg-100\"><\/div>\n  <\/section>\n","protected":false},"excerpt":{"rendered":"","protected":false},"author":40,"featured_media":0,"parent":313029,"menu_order":0,"comment_status":"closed","ping_status":"closed","template":"","meta":{"_acf_changed":false,"inline_featured_image":false,"footnotes":""},"class_list":["post-313254","page","type-page","status-publish","hentry"],"acf":[],"aioseo_notices":[],"_links":{"self":[{"href":"https:\/\/sandbox.lightsourcebp.com\/fr\/wp-json\/wp\/v2\/pages\/313254","targetHints":{"allow":["GET"]}}],"collection":[{"href":"https:\/\/sandbox.lightsourcebp.com\/fr\/wp-json\/wp\/v2\/pages"}],"about":[{"href":"https:\/\/sandbox.lightsourcebp.com\/fr\/wp-json\/wp\/v2\/types\/page"}],"author":[{"embeddable":true,"href":"https:\/\/sandbox.lightsourcebp.com\/fr\/wp-json\/wp\/v2\/users\/40"}],"replies":[{"embeddable":true,"href":"https:\/\/sandbox.lightsourcebp.com\/fr\/wp-json\/wp\/v2\/comments?post=313254"}],"version-history":[{"count":35,"href":"https:\/\/sandbox.lightsourcebp.com\/fr\/wp-json\/wp\/v2\/pages\/313254\/revisions"}],"predecessor-version":[{"id":465115,"href":"https:\/\/sandbox.lightsourcebp.com\/fr\/wp-json\/wp\/v2\/pages\/313254\/revisions\/465115"}],"up":[{"embeddable":true,"href":"https:\/\/sandbox.lightsourcebp.com\/fr\/wp-json\/wp\/v2\/pages\/313029"}],"wp:attachment":[{"href":"https:\/\/sandbox.lightsourcebp.com\/fr\/wp-json\/wp\/v2\/media?parent=313254"}],"curies":[{"name":"wp","href":"https:\/\/api.w.org\/{rel}","templated":true}]}}