{"id":313220,"date":"2023-09-26T08:26:09","date_gmt":"2023-09-26T08:26:09","guid":{"rendered":"https:\/\/sandbox.lightsourcebp.com\/?page_id=313220"},"modified":"2023-11-27T10:08:53","modified_gmt":"2023-11-27T10:08:53","slug":"gestion-dechets","status":"publish","type":"page","link":"https:\/\/sandbox.lightsourcebp.com\/fr\/developpement-durable\/gestion-dechets\/","title":{"rendered":"Gestion des d\u00e9chets"},"content":{"rendered":"<section class=\"block-page-title bg-color-white\">\n  <div class=\"pt-60 pt-lg-100\"><\/div>\n\n  <div class=\"container\">\n    <div class=\"row\">\n      <div class=\"col-12\">\n                <h1 class=\"fg-color-gradient\">Pour une gestion des d\u00e9chets \u00e9coresponsable<\/h1>\n      <\/div>\n    <\/div>\n  <\/div>\n\n  <div class=\"pt-60 pt-lg-100\"><\/div>\n<\/section>\n  \n\n\n<section class=\"banner-single position-relative\">\n  <div class=\"container-fluid\">\n    <div class=\"row\">\n      <div class=\"col-12 px-0\">\n                <div class=\"position-relative w-100 h-100 aspect-ratio-banner object-fit-cover\">\n          <picture>\n                    <source srcset=\"https:\/\/assets.lightsourcebp.com\/app\/uploads\/2023\/09\/19163141\/Lightsource-bp-ferme-solaire-vue-drone-450x174.jpg, https:\/\/assets.lightsourcebp.com\/app\/uploads\/2023\/09\/19163141\/Lightsource-bp-ferme-solaire-vue-drone-1000x387.jpg 2x\"\n                          media=\"(max-width: 575px)\">\n                    <source srcset=\"https:\/\/assets.lightsourcebp.com\/app\/uploads\/2023\/09\/19163141\/Lightsource-bp-ferme-solaire-vue-drone-1000x387.jpg, https:\/\/assets.lightsourcebp.com\/app\/uploads\/2023\/09\/19163141\/Lightsource-bp-ferme-solaire-vue-drone.jpg 2x\"\n                          media=\"(min-width: 576px) and (max-width: 991px)\">\n                    <source srcset=\"https:\/\/assets.lightsourcebp.com\/app\/uploads\/2023\/09\/19163141\/Lightsource-bp-ferme-solaire-vue-drone.jpg, https:\/\/assets.lightsourcebp.com\/app\/uploads\/2023\/09\/19163141\/Lightsource-bp-ferme-solaire-vue-drone.jpg 2x\"\n                          media=\"(min-width: 992px)\">\n                    <img loading=\"lazy\" decoding=\"async\" src=\"https:\/\/assets.lightsourcebp.com\/app\/uploads\/2023\/09\/19163141\/Lightsource-bp-ferme-solaire-vue-drone.jpg\" alt=\"\"\n                       srcset=\"https:\/\/assets.lightsourcebp.com\/app\/uploads\/2023\/09\/19163141\/Lightsource-bp-ferme-solaire-vue-drone.jpg 2x\"\n                       sizes=\"auto, 100vw\"\n                       class=\"position-absolute w-100 h-100 left-0 top-0 object-fit-cover\"\n                       width=\"1540\"\n                       height=\"596\">\n                <\/picture>\n        <\/div>\n              <\/div>\n    <\/div>\n  <\/div>\n<\/section>\n\n\n<section class=\"text align block_e26721bfb52502b22d56399ca7d9d9dd block bg-color-orange-3-percent position-relative z-1 overflow-hidden\">\n    <div class=\"pt-60 pt-lg-100\"><\/div>\n\n      <img decoding=\"async\" class=\"position-absolute bottom-0 right-10 -z-1\" src=\"https:\/\/sandbox.lightsourcebp.com\/app\/themes\/lightsourcebp-theme\/dist\/images\/global\/background-swirls_9a37eafe.png\" alt=\"\" \/>\n  \n  <div class=\"container \">\n    <div class=\"row\">\n      <div class=\"col-12 col-md-9\">\n        <span class=\"rich-text standard-text fg-color-navy\">\n          <h2>La gestion des d\u00e9chets, le nerf de la guerre de l\u2019industrie solaire<\/h2>\n<p>Selon l\u2019Agence internationale de l&#8217;\u00e9nergie, les d\u00e9chets issus de l\u2019industrie photovolta\u00efque repr\u00e9senteront 89 % de la capacit\u00e9 install\u00e9e annuelle d\u2019ici \u00e0 2050. Une part non n\u00e9gligeable\u2009! Leur bonne gestion est donc un enjeu capital pour l\u2019industrie solaire. Chez Lightsource bp, nous l\u2019anticipons pour tous nos projets.<\/p>\n\n        <\/span>\n      <\/div>\n    <\/div>\n  <\/div>\n\n  <div class=\"pt-30 pt-lg-100\"><\/div>\n<\/section>\n\n\n<section class=\"fifty-fifty align block_cbb2503fd2c9065008e5b469fa1c9ba2 block bg-color-white position-relative z-1 overflow-hidden\">\n        <div class=\"pt-60 pt-lg-100\"><\/div>\n\n    \n    <div class=\"fifty-fifty__row\">\n      <div class=\"container \">\n        <div class=\"row align-items-center\">\n                      <div class=\"col-12 col-lg-6 col-xl-6 align-self-center fifty-left d-flex flex-column order-2 order-lg-1\">\n                                                                  <h2 class=\"mb-20 \">La circularit\u00e9, notre philosophie<\/h2>\n                                                                                                                                                                <div class=\"flex flex-column w-100 line-height-level-6 mb-15 fifty-fifty__text font-size-paragraph-medium  fg-color-navy-text \">\n                    <p>Favoriser la circularit\u00e9 de nos panneaux solaires est un axe de travail fort pour optimiser la gestion des d\u00e9chets. Ils sont constitu\u00e9s \u00e0 plus de 80 % de verre et d\u2019aluminium, des mat\u00e9riaux r\u00e9pandus, faciles \u00e0 recycler et \u00e0 r\u00e9utiliser :<\/p>\n<ul>\n<li>le verre et le silicium sont recycl\u00e9s<\/li>\n<li>l\u2019aluminium, le cuivre et le cuivre \u00e9tam\u00e9 sont fondus pour \u00eatre r\u00e9utilis\u00e9s<\/li>\n<li>les polym\u00e8res sont valoris\u00e9s pour produire de l\u2019\u00e9nergie.<\/li>\n<\/ul>\n<p>De plus, nous r\u00e9cup\u00e9rons tous les mat\u00e9riaux des panneaux qui peuvent \u00eatre r\u00e9utilis\u00e9s pour en fabriquer de nouveaux afin de r\u00e9duire leur empreinte carbone et d\u00e9sencombrer les d\u00e9charges.<br \/>\nQuant aux co\u00fbts de recyclage, ils sont provisionn\u00e9s d\u00e8s la phase de conception du projet. En France, cette provision est vers\u00e9e \u00e0 <a href=\"https:\/\/www.soren.eco\" target=\"_blank\" rel=\"noopener\">Soren<\/a>, un \u00e9co-organisme agr\u00e9\u00e9 par l\u2019\u00c9tat.<\/p>\n\n                  <\/div>\n                                                                                                                                                                                  <div class=\"d-inline-flex w-100 button-container mb-15\">\n                    <a class=\"button button--gradient my-0 mr-auto\" href=\"https:\/\/sandbox.lightsourcebp.com\/fr\/developpement-durable\/\" target=\"_blank\"><span>Notre cadre de d\u00e9veloppement durable<\/span> <svg xmlns=\"http:\/\/www.w3.org\/2000\/svg\" width=\"8\" height=\"14\" fill=\"none\"><path stroke=\"currentColor\" stroke-linecap=\"round\" stroke-linejoin=\"round\" stroke-width=\"2\" d=\"m1 13 6-6-6-6\"\/><\/svg><\/a>\n                  <\/div>\n                                                                                          <\/div>\n                                <div class=\"col-12 col-lg-6 col-xl-5 offset-xl-1 align-self-center fifty-right d-flex flex-column mb-lg-0 mt-lg-0 order-3 order-lg-1  mt-15 \">\n                                                                                                                <div class=\"flex flex-column w-100 mb-30 fifty-fifty__image\">\n                    <picture><source srcset=\"https:\/\/assets.lightsourcebp.com\/app\/uploads\/2023\/09\/19163220\/Lightsource-bp-ferme-solaire-impact-solar.jpg 624w, https:\/\/assets.lightsourcebp.com\/app\/uploads\/2023\/09\/19163220\/Lightsource-bp-ferme-solaire-impact-solar-300x169.jpg 300w, https:\/\/assets.lightsourcebp.com\/app\/uploads\/2023\/09\/19163220\/Lightsource-bp-ferme-solaire-impact-solar-80x45.jpg 80w, https:\/\/assets.lightsourcebp.com\/app\/uploads\/2023\/09\/19163220\/Lightsource-bp-ferme-solaire-impact-solar-150x84.jpg 150w, https:\/\/assets.lightsourcebp.com\/app\/uploads\/2023\/09\/19163220\/Lightsource-bp-ferme-solaire-impact-solar-450x253.jpg 450w\" sizes=\"100vw\"><img loading=\"lazy\" decoding=\"async\" src=\"https:\/\/assets.lightsourcebp.com\/app\/uploads\/2023\/09\/19163220\/Lightsource-bp-ferme-solaire-impact-solar.jpg\" alt=\"\" width=\"624\" height=\"351\" class=\"d-flex max-w-100 w-100 h-auto mx-auto fit-cover rounded-10px\"><\/picture>\n                  <\/div>\n                                                                          <\/div>\n                  <\/div>\n      <\/div>\n    <\/div>\n\n  <div class=\"pt-30 pt-lg-100\"><\/div>\n  <\/section>\n\n\n<section class=\"fifty-fifty align block_36be1db9b8d8dc06b556a9c90bba0936 block bg-color-orange-3-percent position-relative z-1 overflow-hidden\">\n        <div class=\"pt-60 pt-lg-100\"><\/div>\n\n    \n    <div class=\"fifty-fifty__row\">\n      <div class=\"container \">\n        <div class=\"row align-items-center\">\n                      <div class=\"col-12 col-lg-6 col-xl-5 align-self-center fifty-left d-flex flex-column order-2 order-lg-1\">\n                                                                                                                <div class=\"flex flex-column w-100 mb-30 fifty-fifty__image\">\n                    <picture><source srcset=\"https:\/\/assets.lightsourcebp.com\/app\/uploads\/2023\/09\/19163300\/Lightsource-bp-ferme-solaire-Vendimia-solar-1.jpg 624w, https:\/\/assets.lightsourcebp.com\/app\/uploads\/2023\/09\/19163300\/Lightsource-bp-ferme-solaire-Vendimia-solar-1-300x169.jpg 300w, https:\/\/assets.lightsourcebp.com\/app\/uploads\/2023\/09\/19163300\/Lightsource-bp-ferme-solaire-Vendimia-solar-1-80x45.jpg 80w, https:\/\/assets.lightsourcebp.com\/app\/uploads\/2023\/09\/19163300\/Lightsource-bp-ferme-solaire-Vendimia-solar-1-150x84.jpg 150w, https:\/\/assets.lightsourcebp.com\/app\/uploads\/2023\/09\/19163300\/Lightsource-bp-ferme-solaire-Vendimia-solar-1-450x253.jpg 450w\" sizes=\"100vw\"><img loading=\"lazy\" decoding=\"async\" src=\"https:\/\/assets.lightsourcebp.com\/app\/uploads\/2023\/09\/19163300\/Lightsource-bp-ferme-solaire-Vendimia-solar-1.jpg\" alt=\"\" width=\"624\" height=\"351\" class=\"d-flex max-w-100 w-100 h-auto mx-auto fit-cover rounded-10px\"><\/picture>\n                  <\/div>\n                                                          <\/div>\n                                <div class=\"col-12 col-lg-6 col-xl-6 offset-xl-1 align-self-center fifty-right d-flex flex-column mb-lg-0 mt-lg-0 order-1 order-lg-1  mb-15 \">\n                                                                  <h2 class=\"mb-20 \">Des fournisseurs tri\u00e9s sur le volet<\/h2>\n                                                                                                                                                                                <div class=\"flex flex-column w-100 line-height-level-6 mb-15 fifty-fifty__text font-size-paragraph-medium  fg-color-navy-text \">\n\n                    <p>Pour garantir la qualit\u00e9 de nos solutions et r\u00e9duire leur empreinte carbone, nous travaillons main dans la main avec des fournisseurs que nous s\u00e9lectionnons avec beaucoup de soin. Bien s\u00fbr, ils doivent se conformer aux r\u00e9glementations locales et r\u00e9gionales en vigueur en mati\u00e8re de gestion des d\u00e9chets, mais nous leur demandons \u00e9galement d\u2019\u00e9laborer des plans Qualit\u00e9 que nous suivons attentivement tout au long de la construction.<br \/>\nParce que s\u2019assurer de la qualit\u00e9 de nos installations, c\u2019est augmenter substantiellement leur dur\u00e9e de vie et, par cons\u00e9quent, r\u00e9duire leur impact sur l\u2019environnement.<\/p>\n\n                  <\/div>\n                                                                                                                                                                                                  <div class=\"d-inline-flex w-100 button-container mb-15\">\n                    <a class=\"button button--gradient my-0 mr-auto\" href=\"https:\/\/sandbox.lightsourcebp.com\/fr\/developpement-durable\/achats-responsables\/\" target=\"_self\"><span>Notre politique d&#8217;achats responsables<\/span> <svg xmlns=\"http:\/\/www.w3.org\/2000\/svg\" width=\"8\" height=\"14\" fill=\"none\"><path stroke=\"currentColor\" stroke-linecap=\"round\" stroke-linejoin=\"round\" stroke-width=\"2\" d=\"m1 13 6-6-6-6\"\/><\/svg><\/a>\n                  <\/div>\n                                                                                                          <\/div>\n                  <\/div>\n      <\/div>\n    <\/div>\n\n  <div class=\"pt-30 pt-lg-100\"><\/div>\n  <\/section>\n","protected":false},"excerpt":{"rendered":"","protected":false},"author":40,"featured_media":0,"parent":313029,"menu_order":0,"comment_status":"closed","ping_status":"closed","template":"","meta":{"_acf_changed":false,"inline_featured_image":false,"footnotes":""},"class_list":["post-313220","page","type-page","status-publish","hentry"],"acf":[],"aioseo_notices":[],"_links":{"self":[{"href":"https:\/\/sandbox.lightsourcebp.com\/fr\/wp-json\/wp\/v2\/pages\/313220","targetHints":{"allow":["GET"]}}],"collection":[{"href":"https:\/\/sandbox.lightsourcebp.com\/fr\/wp-json\/wp\/v2\/pages"}],"about":[{"href":"https:\/\/sandbox.lightsourcebp.com\/fr\/wp-json\/wp\/v2\/types\/page"}],"author":[{"embeddable":true,"href":"https:\/\/sandbox.lightsourcebp.com\/fr\/wp-json\/wp\/v2\/users\/40"}],"replies":[{"embeddable":true,"href":"https:\/\/sandbox.lightsourcebp.com\/fr\/wp-json\/wp\/v2\/comments?post=313220"}],"version-history":[{"count":47,"href":"https:\/\/sandbox.lightsourcebp.com\/fr\/wp-json\/wp\/v2\/pages\/313220\/revisions"}],"predecessor-version":[{"id":340840,"href":"https:\/\/sandbox.lightsourcebp.com\/fr\/wp-json\/wp\/v2\/pages\/313220\/revisions\/340840"}],"up":[{"embeddable":true,"href":"https:\/\/sandbox.lightsourcebp.com\/fr\/wp-json\/wp\/v2\/pages\/313029"}],"wp:attachment":[{"href":"https:\/\/sandbox.lightsourcebp.com\/fr\/wp-json\/wp\/v2\/media?parent=313220"}],"curies":[{"name":"wp","href":"https:\/\/api.w.org\/{rel}","templated":true}]}}