{"id":312715,"date":"2023-09-26T05:59:36","date_gmt":"2023-09-26T05:59:36","guid":{"rendered":"https:\/\/sandbox.lightsourcebp.com\/?page_id=312715"},"modified":"2024-10-03T16:52:57","modified_gmt":"2024-10-03T16:52:57","slug":"equipe-direction","status":"publish","type":"page","link":"https:\/\/sandbox.lightsourcebp.com\/fr\/a-propos\/equipe-direction\/","title":{"rendered":"Notre \u00e9quipe de direction"},"content":{"rendered":"<section class=\"block-page-title bg-color-white\">\n  <div class=\"pt-60 pt-lg-100\"><\/div>\n\n  <div class=\"container\">\n    <div class=\"row\">\n      <div class=\"col-12\">\n                <h1 class=\"fg-color-gradient\">Notre \u00e9quipe de direction<\/h1>\n      <\/div>\n    <\/div>\n  <\/div>\n\n  <div class=\"pt-60 pt-lg-100\"><\/div>\n<\/section>\n  \n\n\n<section class=\"banner-single position-relative\">\n  <div class=\"container-fluid\">\n    <div class=\"row\">\n      <div class=\"col-12 px-0\">\n                <div class=\"position-relative w-100 h-100 aspect-ratio-banner object-fit-cover\">\n          <picture>\n                    <source srcset=\"https:\/\/assets.lightsourcebp.com\/app\/uploads\/2022\/10\/27031509\/our-leadership-banner-min-450x175.jpg, https:\/\/assets.lightsourcebp.com\/app\/uploads\/2022\/10\/27031509\/our-leadership-banner-min-1000x389.jpg 2x\"\n                          media=\"(max-width: 575px)\">\n                    <source srcset=\"https:\/\/assets.lightsourcebp.com\/app\/uploads\/2022\/10\/27031509\/our-leadership-banner-min-1000x389.jpg, https:\/\/assets.lightsourcebp.com\/app\/uploads\/2022\/10\/27031509\/our-leadership-banner-min-1920x748.jpg 2x\"\n                          media=\"(min-width: 576px) and (max-width: 991px)\">\n                    <source srcset=\"https:\/\/assets.lightsourcebp.com\/app\/uploads\/2022\/10\/27031509\/our-leadership-banner-min.jpg, https:\/\/assets.lightsourcebp.com\/app\/uploads\/2022\/10\/27031509\/our-leadership-banner-min.jpg 2x\"\n                          media=\"(min-width: 992px)\">\n                    <img loading=\"lazy\" decoding=\"async\" src=\"https:\/\/assets.lightsourcebp.com\/app\/uploads\/2022\/10\/27031509\/our-leadership-banner-min.jpg\" alt=\"\"\n                       srcset=\"https:\/\/assets.lightsourcebp.com\/app\/uploads\/2022\/10\/27031509\/our-leadership-banner-min.jpg 2x\"\n                       sizes=\"auto, 100vw\"\n                       class=\"position-absolute w-100 h-100 left-0 top-0 object-fit-cover\"\n                       width=\"2311\"\n                       height=\"900\">\n                <\/picture>\n        <\/div>\n              <\/div>\n    <\/div>\n  <\/div>\n<\/section>\n\n\n<section class=\"fifty-fifty align block_acf-block-6685844b88548 block bg-color-orange-3-percent position-relative z-1 overflow-hidden\">\n        <div class=\"pt-60 pt-lg-100\"><\/div>\n\n          <img decoding=\"async\" class=\"position-absolute bottom-0 right-10 -z-1\" src=\"https:\/\/sandbox.lightsourcebp.com\/app\/themes\/lightsourcebp-theme\/dist\/images\/global\/background-swirls_9a37eafe.png\" alt=\"\" \/>\n    \n    <div class=\"fifty-fifty__row\">\n      <div class=\"container \">\n        <div class=\"row align-items-center\">\n                      <div class=\"col-12 col-lg-6 col-xl-6 align-self-center fifty-left d-flex flex-column order-2 order-lg-1\">\n                                                                  <h2 class=\"mb-20 \">Incarner et transmettre notre culture d\u2019entreprise<\/h2>\n                                                                                                                                                                <div class=\"flex flex-column w-100 line-height-level-6 mb-15 fifty-fifty__text font-size-paragraph-medium  fg-color-navy-text \">\n                    <p>Notre culture d\u2019ouverture, d\u2019inclusion et d\u2019excellence\u2009? Elle est impuls\u00e9e jour apr\u00e8s jour par notre \u00e9quipe de direction qui est garante des normes que nous appliquons. Forte d\u2019une vaste exp\u00e9rience dans l\u2019industrie solaire, les \u00e9nergies renouvelables et au-del\u00e0, notre \u00e9quipe de direction poss\u00e8de les connaissances et l\u2019expertise qui constituent les fondations sur lesquelles notre entreprise est b\u00e2tie. Car nous savons que c\u2019est l\u2019addition de toutes les expertises et savoir-faire individuels r\u00e9unis au sein de notre entreprise qui nous permettront collectivement de d\u00e9velopper l\u2019\u00e9nergie solaire dont le monde a besoin.<\/p>\n\n                  <\/div>\n                                                                                                                                                                                  <div class=\"d-inline-flex w-100 button-container mb-15\">\n                    <a class=\"button button--gradient my-0 mr-auto\" href=\"https:\/\/sandbox.lightsourcebp.com\/fr\/a-propos\/\" target=\"_self\"><span>Tout savoir sur Lightsource bp<\/span> <svg xmlns=\"http:\/\/www.w3.org\/2000\/svg\" width=\"8\" height=\"14\" fill=\"none\"><path stroke=\"currentColor\" stroke-linecap=\"round\" stroke-linejoin=\"round\" stroke-width=\"2\" d=\"m1 13 6-6-6-6\"\/><\/svg><\/a>\n                  <\/div>\n                                                                                          <\/div>\n                            <\/div>\n      <\/div>\n    <\/div>\n\n  <div class=\"pt-60 pt-lg-100\"><\/div>\n  <\/section>\n\n\n<section class=\"fifty-fifty align block_acf-block-6685844b89456 block bg-color-white position-relative z-1 overflow-hidden\">\n        <div class=\"pt-60 pt-lg-100\"><\/div>\n\n    \n    <div class=\"fifty-fifty__row\">\n      <div class=\"container \">\n        <div class=\"row align-items-center\">\n                      <div class=\"col-12 col-lg-6 col-xl-5 align-self-center fifty-left d-flex flex-column order-2 order-lg-1\">\n                                                                                                                <div class=\"flex flex-column w-100 mb-30 fifty-fifty__image\">\n                    <picture><source srcset=\"https:\/\/assets.lightsourcebp.com\/app\/uploads\/2023\/09\/19160906\/Lightsource-bp-direction-1.jpg 624w, https:\/\/assets.lightsourcebp.com\/app\/uploads\/2023\/09\/19160906\/Lightsource-bp-direction-1-300x169.jpg 300w, https:\/\/assets.lightsourcebp.com\/app\/uploads\/2023\/09\/19160906\/Lightsource-bp-direction-1-80x45.jpg 80w, https:\/\/assets.lightsourcebp.com\/app\/uploads\/2023\/09\/19160906\/Lightsource-bp-direction-1-150x84.jpg 150w, https:\/\/assets.lightsourcebp.com\/app\/uploads\/2023\/09\/19160906\/Lightsource-bp-direction-1-450x253.jpg 450w\" sizes=\"100vw\"><img loading=\"lazy\" decoding=\"async\" src=\"https:\/\/assets.lightsourcebp.com\/app\/uploads\/2023\/09\/19160906\/Lightsource-bp-direction-1.jpg\" alt=\"\" width=\"624\" height=\"351\" class=\"d-flex max-w-100 w-100 h-auto mx-auto fit-cover rounded-10px\"><\/picture>\n                  <\/div>\n                                                          <\/div>\n                                <div class=\"col-12 col-lg-6 col-xl-6 offset-xl-1 align-self-center fifty-right d-flex flex-column mb-lg-0 mt-lg-0 order-1 order-lg-1  mb-15 \">\n                                                                  <h2 class=\"mb-20 \">L\u2019expertise pour faire rayonner le solaire<\/h2>\n                                                                                                                                                                                <div class=\"flex flex-column w-100 line-height-level-6 mb-15 fifty-fifty__text font-size-paragraph-medium  fg-color-navy-text \">\n\n                    <p>Chez Lightsource bp, nous sommes passionn\u00e9s par nos m\u00e9tiers et partageons tous le m\u00eame objectif : faire de la plan\u00e8te un endroit o\u00f9 il fait bon vivre\u2009! Cette passion prend vie dans la co-construction et la collaboration \u00e9troite avec les collectivit\u00e9s, les territoires et leurs habitants pour d\u00e9velopper les projets solaires et agrivolta\u00efques qui r\u00e9pondent \u00e0 leurs besoins. Tout cela dans le plus grand respect des principes qui forment notre cadre de d\u00e9veloppement durable, pour un futur \u00e9nerg\u00e9tique r\u00e9silient et responsable.<\/p>\n<p>Notre solide expertise de l\u2019industrie, coupl\u00e9e \u00e0 notre volont\u00e9 et notre dynamisme sans cesse renouvel\u00e9s de faire \u00e9clore des projets solaires sur le territoire fran\u00e7ais, sont de puissants moteurs pour contribuer aux objectifs de la France en mati\u00e8re d\u2019acc\u00e9l\u00e9ration de la production d\u2019\u00e9nergies renouvelables.<\/p>\n\n                  <\/div>\n                                                                                                                          <\/div>\n                  <\/div>\n      <\/div>\n    <\/div>\n\n  <div class=\"pt-60 pt-lg-100\"><\/div>\n  <\/section>\n\n\n<section class=\"multi-column-cards align block_acf-block-66e7e749b0b84 block bg-color-orange-3-percent\">\n  <div class=\"pt-60 pt-lg-100\"><\/div>\n\n  <div class=\"container\">\n    <div class=\"row\">\n      <div class=\"col-12\">\n                <h3 class=\"mb-35\">Rencontrez notre \u00e9quipe de direction en France<\/h3>\n      <\/div>\n    <\/div>\n    <div class=\"row\">\n                        <div class=\"col-12 col-lg-4 mb-30\">\n  <a class=\"text-decoration-none\" href=\"https:\/\/sandbox.lightsourcebp.com\/fr\/leadership-team\/raphael-colas\/\">\n    <div class=\"multi-column-cards__image-container\">\n      <img decoding=\"async\" class=\"w-100 h-auto\" src=\"https:\/\/assets.lightsourcebp.com\/app\/uploads\/2023\/09\/25095035\/Lightsource-bp-Raphael-Colas.jpg\" \/>\n    <\/div>\n    <h5 class=\"mt-25 mb-5 fg-color-orange\">Rapha\u00ebl Colas<\/h5>\n    <p class=\"fg-color-navy\">Directeur France de Lightsource bp<\/p>\n  <\/a>\n<\/div>\n                  <div class=\"col-12 col-lg-4 mb-30\">\n  <a class=\"text-decoration-none\" href=\"https:\/\/sandbox.lightsourcebp.com\/fr\/leadership-team\/marie-laure-boulet\/\">\n    <div class=\"multi-column-cards__image-container\">\n      <img decoding=\"async\" class=\"w-100 h-auto\" src=\"https:\/\/assets.lightsourcebp.com\/app\/uploads\/2023\/09\/25094748\/Lightsource-bp-France-Marie-Laure-Boulet-1.jpg\" \/>\n    <\/div>\n    <h5 class=\"mt-25 mb-5 fg-color-orange\">Marie-Laure Boulet<\/h5>\n    <p class=\"fg-color-navy\">Responsable r\u00e9gionale Auvergne-Rh\u00f4ne-Alpes et Bourgogne\u2013Franche-Comt\u00e9<\/p>\n  <\/a>\n<\/div>\n                  <div class=\"col-12 col-lg-4 mb-30\">\n  <a class=\"text-decoration-none\" href=\"https:\/\/sandbox.lightsourcebp.com\/fr\/leadership-team\/reda-terroufi\/\">\n    <div class=\"multi-column-cards__image-container\">\n      <img decoding=\"async\" class=\"w-100 h-auto\" src=\"https:\/\/assets.lightsourcebp.com\/app\/uploads\/2023\/09\/25095151\/Lightsource-bp-France-Reda-Terroufi-1.jpg\" \/>\n    <\/div>\n    <h5 class=\"mt-25 mb-5 fg-color-orange\">Reda Terroufi<\/h5>\n    <p class=\"fg-color-navy\">Responsable r\u00e9gional Centre-Val de Loire et Pays de la Loire<\/p>\n  <\/a>\n<\/div>\n                  <div class=\"col-12 col-lg-4 mb-30\">\n  <a class=\"text-decoration-none\" href=\"https:\/\/sandbox.lightsourcebp.com\/fr\/leadership-team\/anthony-roubin\/\">\n    <div class=\"multi-column-cards__image-container\">\n      <img decoding=\"async\" class=\"w-100 h-auto\" src=\"https:\/\/assets.lightsourcebp.com\/app\/uploads\/2023\/09\/25095432\/Lightsource-bp-France-Anthony-Roubin.jpg\" \/>\n    <\/div>\n    <h5 class=\"mt-25 mb-5 fg-color-orange\">Anthony Roubin<\/h5>\n    <p class=\"fg-color-navy\">Responsable r\u00e9gional Occitanie et PACA<\/p>\n  <\/a>\n<\/div>\n                  <div class=\"col-12 col-lg-4 mb-30\">\n  <a class=\"text-decoration-none\" href=\"https:\/\/sandbox.lightsourcebp.com\/fr\/leadership-team\/julien-mery\/\">\n    <div class=\"multi-column-cards__image-container\">\n      <img decoding=\"async\" class=\"w-100 h-auto\" src=\"https:\/\/assets.lightsourcebp.com\/app\/uploads\/2023\/09\/25095256\/Lightsource-bp-Julien-Mery.jpg\" \/>\n    <\/div>\n    <h5 class=\"mt-25 mb-5 fg-color-orange\">Julien M\u00e9ry<\/h5>\n    <p class=\"fg-color-navy\">Responsable r\u00e9gional Nouvelle-Aquitaine<\/p>\n  <\/a>\n<\/div>\n                  <\/div>\n  <\/div>\n\n  <div class=\"pt-60 pt-lg-50\"><\/div>\n<\/section>\n\n\n<section class=\"call-to-action align block_acf-block-66fecbe85b785 block call-to-action\">\n  <div class=\"pt-0 pt-lg-0\"><\/div>\n  \n  <div class=\"container-fluid z-2\">\n\n    <div class=\"row\">\n      <div class=\"col-12 col-lg-6 pl-0 pr-0\">\n        <picture><source srcset=\"https:\/\/assets.lightsourcebp.com\/app\/uploads\/2023\/03\/10163433\/join-lsbp-1-1.jpg 770w, https:\/\/assets.lightsourcebp.com\/app\/uploads\/2023\/03\/10163433\/join-lsbp-1-1-300x238.jpg 300w, https:\/\/assets.lightsourcebp.com\/app\/uploads\/2023\/03\/10163433\/join-lsbp-1-1-80x63.jpg 80w, https:\/\/assets.lightsourcebp.com\/app\/uploads\/2023\/03\/10163433\/join-lsbp-1-1-150x119.jpg 150w, https:\/\/assets.lightsourcebp.com\/app\/uploads\/2023\/03\/10163433\/join-lsbp-1-1-450x356.jpg 450w, https:\/\/assets.lightsourcebp.com\/app\/uploads\/2023\/03\/10163433\/join-lsbp-1-1-767x608.jpg 767w\" sizes=\"\"><img loading=\"lazy\" decoding=\"async\" src=\"https:\/\/assets.lightsourcebp.com\/app\/uploads\/2023\/03\/10163433\/join-lsbp-1-1.jpg\" alt=\"woman chatting to a man at an office desk\" width=\"770\" height=\"610\" class=\"w-100 w-lg-101 h-100 object-fit-cover ml--15px\"><\/picture>\n      <\/div>\n      <div class=\"col-12 col-lg-6 bg-color-gradient position-relative z-1 overflow-hidden\">\n\n                  <img decoding=\"async\" class=\"position-absolute top-n20 right-n190 right-sm-n116 right-xxl-n68 rotate-230 -z-1\" src=\"https:\/\/sandbox.lightsourcebp.com\/app\/themes\/lightsourcebp-theme\/dist\/images\/global\/background-swirls-alt-red_9a37eafe.png\" alt=\"\" \/>\n        \n        <div class=\"d-flex flex-column flex-center h-100 px-15 px-md-50 py-60 py-lg-30 py-xxl-0\">\n                      <span class=\"d-flex font-size-navigation font-weight-semi-bold mb-15 text-transform-uppercase letter-spacing-title fg-color-gradient\">Carri\u00e8res<\/span>\n                                <h2 class=\"mb-20 fg-color-white\">Rejoignez une aventure qui a du sens\u2009!<\/h2>\n                                <div class=\"flex flex-column w-100 rich-text fg-color-white\">\n              <p>Vous souhaitez un m\u00e9tier qui a du sens\u2009? Visitez notre espace \u00ab\u2009Carri\u00e8res\u2009\u00bb pour rejoindre l\u2019aventure Lightsource bp\u2009!<\/p>\n\n            <\/div>\n                                            <div class=\"d-inline-flex w-100 button-container mb-15\">\n              <a class=\"button button--gradient my-0 mr-auto\" href=\"https:\/\/sandbox.lightsourcebp.com\/fr\/carrieres\/\" target=\"_self\"><span>Consultez nos offres d&#8217;emploi<\/span> <svg xmlns=\"http:\/\/www.w3.org\/2000\/svg\" width=\"8\" height=\"14\" fill=\"none\"><path stroke=\"currentColor\" stroke-linecap=\"round\" stroke-linejoin=\"round\" stroke-width=\"2\" d=\"m1 13 6-6-6-6\"\/><\/svg><\/a>\n            <\/div>\n                  <\/div>\n      <\/div>\n    <\/div>\n  <\/div>\n  <div class=\"pt-0 pt-lg-0\"><\/div>\n  <\/section>\n","protected":false},"excerpt":{"rendered":"","protected":false},"author":40,"featured_media":0,"parent":311271,"menu_order":0,"comment_status":"closed","ping_status":"closed","template":"","meta":{"_acf_changed":false,"inline_featured_image":false,"footnotes":""},"class_list":["post-312715","page","type-page","status-publish","hentry"],"acf":[],"aioseo_notices":[],"_links":{"self":[{"href":"https:\/\/sandbox.lightsourcebp.com\/fr\/wp-json\/wp\/v2\/pages\/312715","targetHints":{"allow":["GET"]}}],"collection":[{"href":"https:\/\/sandbox.lightsourcebp.com\/fr\/wp-json\/wp\/v2\/pages"}],"about":[{"href":"https:\/\/sandbox.lightsourcebp.com\/fr\/wp-json\/wp\/v2\/types\/page"}],"author":[{"embeddable":true,"href":"https:\/\/sandbox.lightsourcebp.com\/fr\/wp-json\/wp\/v2\/users\/40"}],"replies":[{"embeddable":true,"href":"https:\/\/sandbox.lightsourcebp.com\/fr\/wp-json\/wp\/v2\/comments?post=312715"}],"version-history":[{"count":94,"href":"https:\/\/sandbox.lightsourcebp.com\/fr\/wp-json\/wp\/v2\/pages\/312715\/revisions"}],"predecessor-version":[{"id":427472,"href":"https:\/\/sandbox.lightsourcebp.com\/fr\/wp-json\/wp\/v2\/pages\/312715\/revisions\/427472"}],"up":[{"embeddable":true,"href":"https:\/\/sandbox.lightsourcebp.com\/fr\/wp-json\/wp\/v2\/pages\/311271"}],"wp:attachment":[{"href":"https:\/\/sandbox.lightsourcebp.com\/fr\/wp-json\/wp\/v2\/media?parent=312715"}],"curies":[{"name":"wp","href":"https:\/\/api.w.org\/{rel}","templated":true}]}}