{"id":312422,"date":"2023-09-26T06:03:57","date_gmt":"2023-09-26T06:03:57","guid":{"rendered":"https:\/\/sandbox.lightsourcebp.com\/?page_id=312422"},"modified":"2024-11-05T07:59:18","modified_gmt":"2024-11-05T07:59:18","slug":"mission","status":"publish","type":"page","link":"https:\/\/sandbox.lightsourcebp.com\/fr\/a-propos\/mission\/","title":{"rendered":"Notre mission"},"content":{"rendered":"<section class=\"block-page-title bg-color-white\">\n  <div class=\"pt-60 pt-lg-100\"><\/div>\n\n  <div class=\"container\">\n    <div class=\"row\">\n      <div class=\"col-12\">\n                <h1 class=\"fg-color-gradient\">Fournir l\u2019\u00e9nergie renouvelable dont le monde a besoin<\/h1>\n      <\/div>\n    <\/div>\n  <\/div>\n\n  <div class=\"pt-60 pt-lg-100\"><\/div>\n<\/section>\n  \n\n\n<section class=\"banner-single position-relative\">\n  <div class=\"container-fluid\">\n    <div class=\"row\">\n      <div class=\"col-12 px-0\">\n                <div class=\"position-relative w-100 h-100 aspect-ratio-banner object-fit-cover\">\n          <picture>\n                    <source srcset=\"https:\/\/assets.lightsourcebp.com\/app\/uploads\/2023\/09\/19155328\/Lightsource-bp-ferme-solaire-Howton-solar-450x174.jpg, https:\/\/assets.lightsourcebp.com\/app\/uploads\/2023\/09\/19155328\/Lightsource-bp-ferme-solaire-Howton-solar-1000x387.jpg 2x\"\n                          media=\"(max-width: 575px)\">\n                    <source srcset=\"https:\/\/assets.lightsourcebp.com\/app\/uploads\/2023\/09\/19155328\/Lightsource-bp-ferme-solaire-Howton-solar-1000x387.jpg, https:\/\/assets.lightsourcebp.com\/app\/uploads\/2023\/09\/19155328\/Lightsource-bp-ferme-solaire-Howton-solar.jpg 2x\"\n                          media=\"(min-width: 576px) and (max-width: 991px)\">\n                    <source srcset=\"https:\/\/assets.lightsourcebp.com\/app\/uploads\/2023\/09\/19155328\/Lightsource-bp-ferme-solaire-Howton-solar.jpg, https:\/\/assets.lightsourcebp.com\/app\/uploads\/2023\/09\/19155328\/Lightsource-bp-ferme-solaire-Howton-solar.jpg 2x\"\n                          media=\"(min-width: 992px)\">\n                    <img loading=\"lazy\" decoding=\"async\" src=\"https:\/\/assets.lightsourcebp.com\/app\/uploads\/2023\/09\/19155328\/Lightsource-bp-ferme-solaire-Howton-solar.jpg\" alt=\"\"\n                       srcset=\"https:\/\/assets.lightsourcebp.com\/app\/uploads\/2023\/09\/19155328\/Lightsource-bp-ferme-solaire-Howton-solar.jpg 2x\"\n                       sizes=\"auto, 100vw\"\n                       class=\"position-absolute w-100 h-100 left-0 top-0 object-fit-cover\"\n                       width=\"1540\"\n                       height=\"596\">\n                <\/picture>\n        <\/div>\n              <\/div>\n    <\/div>\n  <\/div>\n<\/section>\n\n\n<section class=\"fifty-fifty align block_acf-block-6729d05510e09 block bg-color-white position-relative z-1 overflow-hidden\">\n        <div class=\"pt-60 pt-lg-100\"><\/div>\n\n    \n    <div class=\"fifty-fifty__row\">\n      <div class=\"container \">\n        <div class=\"row align-items-center\">\n                      <div class=\"col-12 col-lg-6 col-xl-7 align-self-center fifty-left d-flex flex-column order-2 order-lg-1\">\n                                                                  <h2 class=\"mb-20 \">Produire une \u00e9nergie bas carbone et durable<\/h2>\n                                                                                                                                                                <div class=\"flex flex-column w-100 line-height-level-6 mb-15 fifty-fifty__text font-size-paragraph-medium  fg-color-navy-text \">\n                    <p>Nous avons tous besoin d\u2019\u00e9nergie pour satisfaire nos besoins du quotidien. Mais pas n\u2019importe laquelle\u2009! Chez Lightsource bp, nous croyons en l\u2019\u00e9nergie renouvelable onshore, parce qu\u2019elle est abondante, fiable et comp\u00e9titive. En somme, elle est l\u2019\u00e9nergie dont le monde a besoin pour op\u00e9rer sa transition \u00e9nerg\u00e9tique.<\/p>\n<p>Comptant parmi les leaders mondiaux des renouvelables onshore, nous d\u00e9veloppons, finan\u00e7ons et exploitons des installations renouvelables dans le monde entier pour produire l\u2019\u00e9lectricit\u00e9 bas carbone qui contribue \u00e0 lutter contre le d\u00e9r\u00e8glement climatique, le d\u00e9fi de notre si\u00e8cle.<\/p>\n<p>Dans le solaire en particulier, notre objectif est de d\u00e9velopper 1 GW d&#8217;\u00e9nergie solaire en France d&#8217;ici \u00e0 2026. Nous avons d\u00e9j\u00e0 400 MW de projets en perspective : nous sommes donc parfaitement positionn\u00e9s pour atteindre cet objectif et contribuer ainsi \u00e0 ceux des pouvoirs publics, qui pr\u00e9voient de multiplier par dix la capacit\u00e9 de production photovolta\u00efque du pays pour atteindre 100 GW d\u2019ici \u00e0 2050, tout en limitant l\u2019artificialisation des sols.<\/p>\n<p>Nos projets agrivolta\u00efques ou solaires sur sites d\u00e9grad\u00e9s s\u2019inscrivent tout \u00e0 fait dans cette dynamique fran\u00e7aise et sont donc une solution de choix pour y parvenir.<\/p>\n\n                  <\/div>\n                                                                                                                                                                                  <div class=\"d-inline-flex w-100 button-container mb-15\">\n                    <a class=\"button button--gradient my-0 mr-auto\" href=\"https:\/\/sandbox.lightsourcebp.com\/fr\/approche-360\/\" target=\"_self\"><span>Notre approche \u00e0 360\u00b0<\/span> <svg xmlns=\"http:\/\/www.w3.org\/2000\/svg\" width=\"8\" height=\"14\" fill=\"none\"><path stroke=\"currentColor\" stroke-linecap=\"round\" stroke-linejoin=\"round\" stroke-width=\"2\" d=\"m1 13 6-6-6-6\"\/><\/svg><\/a>\n                  <\/div>\n                                                                                          <\/div>\n                                <div class=\"col-12 col-lg-6 col-xl-4 offset-xl-1 align-self-center fifty-right d-flex flex-column mb-lg-0 mt-lg-0 order-3 order-lg-1  mt-15 \">\n                                                                                                                <div class=\"flex flex-column w-100 mb-30 fifty-fifty__image\">\n                    <picture><source srcset=\"https:\/\/assets.lightsourcebp.com\/app\/uploads\/2023\/09\/23120636\/ferme-solaire.jpg 624w, https:\/\/assets.lightsourcebp.com\/app\/uploads\/2023\/09\/23120636\/ferme-solaire-200x300.jpg 200w, https:\/\/assets.lightsourcebp.com\/app\/uploads\/2023\/09\/23120636\/ferme-solaire-80x120.jpg 80w, https:\/\/assets.lightsourcebp.com\/app\/uploads\/2023\/09\/23120636\/ferme-solaire-150x225.jpg 150w, https:\/\/assets.lightsourcebp.com\/app\/uploads\/2023\/09\/23120636\/ferme-solaire-300x450.jpg 300w, https:\/\/assets.lightsourcebp.com\/app\/uploads\/2023\/09\/23120636\/ferme-solaire-450x675.jpg 450w\" sizes=\"100vw\"><img loading=\"lazy\" decoding=\"async\" src=\"https:\/\/assets.lightsourcebp.com\/app\/uploads\/2023\/09\/23120636\/ferme-solaire.jpg\" alt=\"\" width=\"624\" height=\"936\" class=\"d-flex max-w-100 w-100 h-auto mx-auto fit-cover rounded-10px\"><\/picture>\n                  <\/div>\n                                                                          <\/div>\n                  <\/div>\n      <\/div>\n    <\/div>\n\n  <div class=\"pt-60 pt-lg-100\"><\/div>\n  <\/section>\n\n\n<section class=\"fifty-fifty align block_acf-block-6729d014ef8d3 block bg-color-orange-3-percent position-relative z-1 overflow-hidden\">\n        <div class=\"pt-60 pt-lg-100\"><\/div>\n\n    \n    <div class=\"fifty-fifty__row\">\n      <div class=\"container \">\n        <div class=\"row align-items-center\">\n                      <div class=\"col-12 col-lg-6 col-xl-4 align-self-center fifty-left d-flex flex-column order-2 order-lg-1\">\n                                                                                                                <div class=\"flex flex-column w-100 mb-30 fifty-fifty__image\">\n                    <picture><source srcset=\"https:\/\/assets.lightsourcebp.com\/app\/uploads\/2023\/09\/19155823\/Lightsource-bp_biodiversite-mission.jpg 624w, https:\/\/assets.lightsourcebp.com\/app\/uploads\/2023\/09\/19155823\/Lightsource-bp_biodiversite-mission-200x300.jpg 200w, https:\/\/assets.lightsourcebp.com\/app\/uploads\/2023\/09\/19155823\/Lightsource-bp_biodiversite-mission-80x120.jpg 80w, https:\/\/assets.lightsourcebp.com\/app\/uploads\/2023\/09\/19155823\/Lightsource-bp_biodiversite-mission-150x225.jpg 150w, https:\/\/assets.lightsourcebp.com\/app\/uploads\/2023\/09\/19155823\/Lightsource-bp_biodiversite-mission-300x450.jpg 300w, https:\/\/assets.lightsourcebp.com\/app\/uploads\/2023\/09\/19155823\/Lightsource-bp_biodiversite-mission-450x675.jpg 450w\" sizes=\"100vw\"><img loading=\"lazy\" decoding=\"async\" src=\"https:\/\/assets.lightsourcebp.com\/app\/uploads\/2023\/09\/19155823\/Lightsource-bp_biodiversite-mission.jpg\" alt=\"\" width=\"624\" height=\"936\" class=\"d-flex max-w-100 w-100 h-auto mx-auto fit-cover rounded-10px\"><\/picture>\n                  <\/div>\n                                                          <\/div>\n                                <div class=\"col-12 col-lg-6 col-xl-7 offset-xl-1 align-self-center fifty-right d-flex flex-column mb-lg-0 mt-lg-0 order-1 order-lg-1  mb-15 \">\n                                                                  <h2 class=\"mb-20 \">La pr\u00e9servation de la plan\u00e8te au c\u0153ur de nos enjeux<\/h2>\n                                                                                                                                                                                <div class=\"flex flex-column w-100 line-height-level-6 mb-15 fifty-fifty__text font-size-paragraph-medium  fg-color-navy-text \">\n\n                    <p>Parce que l\u2019urgence climatique est notre priorit\u00e9 \u00e0 tous, nos projets solaires vont toujours dans le sens d\u2019une transition \u00e9nerg\u00e9tique vertueuse et durable. Ainsi, d\u00e8s la phase de conception de nos solutions, nous travaillons sur la probl\u00e9matique de la gestion des d\u00e9chets. Comment\u2009? En favorisant la circularit\u00e9 des mat\u00e9riaux utilis\u00e9s pour la fabrication des panneaux solaires et en provisionnant les co\u00fbts de recyclage de nos installations aupr\u00e8s d\u2019\u00e9co-organismes agr\u00e9\u00e9s, comme Soren en France.<\/p>\n<p>Nous sommes \u00e9galement tr\u00e8s attentifs \u00e0 la pr\u00e9servation de la biodiversit\u00e9. Une biodiversit\u00e9 en bonne sant\u00e9 joue un r\u00f4le essentiel dans la cr\u00e9ation d\u2019un \u00e9cosyst\u00e8me sain et \u00e9quilibr\u00e9. L\u2019air que nous respirons, l\u2019eau que nous buvons et la nourriture que nous ing\u00e9rons en d\u00e9pendent. C\u2019est pourquoi nous recherchons toujours un gain net de biodiversit\u00e9 pour chacun de nos projets. Nos fermes solaires fournissent donc \u00e0 la fois l\u2019\u00e9nergie durable dont nous avons besoin et des habitats naturels aux insectes et pollinisateurs, ces \u00eatres vivants indispensables \u00e0 la stimulation de la biodiversit\u00e9.<\/p>\n<p>Et parce que Lightsource bp est un acteur responsable, nous nous sommes fix\u00e9 des objectifs ambitieux en mati\u00e8re de r\u00e9duction de nos \u00e9missions d\u2019ici \u00e0 2030, par rapport \u00e0 2021\u00a0: 42 % pour nos \u00e9missions directes et indirectes (scopes 1 et 2)\u00a0et 52 % par m\u00e9gawatt construit pour celles li\u00e9es \u00e0 l\u2019utilisation de nos produits (scope 3).<\/p>\n\n                  <\/div>\n                                                                                                                                                                                                  <div class=\"d-inline-flex w-100 button-container mb-15\">\n                    <a class=\"button button--gradient my-0 mr-auto\" href=\"https:\/\/sandbox.lightsourcebp.com\/fr\/developpement-durable\/biodiversite-agriculture-durable\/\" target=\"_self\"><span>Nos actions en faveur de la biodiversit\u00e9<\/span> <svg xmlns=\"http:\/\/www.w3.org\/2000\/svg\" width=\"8\" height=\"14\" fill=\"none\"><path stroke=\"currentColor\" stroke-linecap=\"round\" stroke-linejoin=\"round\" stroke-width=\"2\" d=\"m1 13 6-6-6-6\"\/><\/svg><\/a>\n                  <\/div>\n                                                                                                          <\/div>\n                  <\/div>\n      <\/div>\n    <\/div>\n\n  <div class=\"pt-60 pt-lg-100\"><\/div>\n  <\/section>\n\n\n<section class=\"text align block_acf-block-6729d014efcaa block bg-color-white position-relative z-1 overflow-hidden\">\n    <div class=\"pt-60 pt-lg-100\"><\/div>\n\n  \n  <div class=\"container \">\n    <div class=\"row\">\n      <div class=\"col-12\">\n        <span class=\"rich-text large-text fg-color-navy\">\n          <h2>Nos ambitions au-del\u00e0 du solaire<\/h2>\n\n        <\/span>\n      <\/div>\n    <\/div>\n  <\/div>\n\n  <div class=\"pt-0 pt-lg-0\"><\/div>\n  <\/section>\n\n\n<section class=\"multi-column-cards align block_acf-block-66857c8583ecc block bg-color-white\">\n  <div class=\"pt-0 pt-lg-0\"><\/div>\n  \n  <div class=\"container\">\n    <div class=\"row\">\n      <div class=\"col-12\">\n                <h2 class=\"mb-35\"><\/h2>\n      <\/div>\n    <\/div>\n    <div class=\"row\">\n                        <div class=\"col-12 col-lg-4 mb-30\">\n  <div class=\"multi-column-cards__image-container\">\n          <a href=\"https:\/\/sandbox.lightsourcebp.com\/fr\/nos-solutions\/achat-electricite-bas-carbone\/\" >\n          <img decoding=\"async\" class=\"w-100 h-300px h-lg-350px object-fit-cover\" src=\"https:\/\/assets.lightsourcebp.com\/app\/uploads\/2022\/12\/28235558\/energy-storage.jpg\" \/>\n          <\/a>\n      <\/div>\n      <a class=\"text-decoration-none text-decoration-sm-underline-hover\" href=\"https:\/\/sandbox.lightsourcebp.com\/fr\/nos-solutions\/achat-electricite-bas-carbone\/\" >\n        <h5 class=\"mt-25 mb-15 fg-color-navy\">Stockage d\u2019\u00e9nergie : la cl\u00e9 de la d\u00e9carbonation et de la stabilit\u00e9 des r\u00e9seaux<\/h5>\n      <\/a>\n        <p class=\"line-height-level-6\">Le principal d\u00e9fi du solaire r\u00e9side dans l\u2019optimisation du stockage d\u2019\u00e9lectricit\u00e9, indispensable pour pallier l\u2019intermittence de cette source d\u2019\u00e9nergie.\r\nChez Lightsource bp, nous nous appuyons sur le savoir-faire de notre \u00e9quipe d\u00e9di\u00e9e qui prend le sujet \u00e0 bras le corps. Car le stockage est synonyme d\u2019une plus grande stabilit\u00e9 des r\u00e9seaux et d\u2019une s\u00e9curit\u00e9 d\u2019approvisionnement accrue, avec \u00e0 la cl\u00e9 une d\u00e9carbonation plus rapide de notre usage de l\u2019\u00e9nergie.<\/p>\n        <p><a href=\"https:\/\/sandbox.lightsourcebp.com\/fr\/nos-solutions\/achat-electricite-bas-carbone\/\" >S&#039;approvisionner en \u00e9lectricit\u00e9 bas carbone <span class=\"ml-10\"><svg xmlns=\"http:\/\/www.w3.org\/2000\/svg\" width=\"8\" height=\"14\" fill=\"none\"><path stroke=\"currentColor\" stroke-linecap=\"round\" stroke-linejoin=\"round\" stroke-width=\"2\" d=\"M1 13l6-6-6-6\"\/><\/svg><\/span><\/a><\/p>\n  <\/div>\n                  <div class=\"col-12 col-lg-4 mb-30\">\n  <div class=\"multi-column-cards__image-container\">\n          <a href=\"https:\/\/sandbox.lightsourcebp.com\/fr\/partenariats\/collectivites-neutralite-carbone\/\" >\n          <img decoding=\"async\" class=\"w-100 h-300px h-lg-350px object-fit-cover\" src=\"https:\/\/assets.lightsourcebp.com\/app\/uploads\/2022\/12\/28235603\/co-location-wind-and-solar.jpg\" \/>\n          <\/a>\n      <\/div>\n      <a class=\"text-decoration-none text-decoration-sm-underline-hover\" href=\"https:\/\/sandbox.lightsourcebp.com\/fr\/partenariats\/collectivites-neutralite-carbone\/\" >\n        <h5 class=\"mt-25 mb-15 fg-color-navy\">Colocation \u00e9olien\/solaire et stockage d\u2019\u00e9lectricit\u00e9 : le combo gagnant<\/h5>\n      <\/a>\n        <p class=\"line-height-level-6\">Combiner solaire et \u00e9olien permet de g\u00e9n\u00e9rer de l\u2019\u00e9lectricit\u00e9 \u00e0 diff\u00e9rentes heures et saisons pour optimiser la production. L&#039;association de ces sources d&#039;\u00e9nergie compl\u00e9mentaires \u00e0 des solutions de stockage contribue en outre \u00e0 maximiser la capacit\u00e9 du r\u00e9seau disponible. Chez Lightsource bp, nous explorons l\u2019aptitude de ces solutions \u00e0 acc\u00e9l\u00e9rer le d\u00e9ploiement des renouvelables pour g\u00e9n\u00e9rer des flux constants d\u2019\u00e9nergie propre.<\/p>\n        <p><a href=\"https:\/\/sandbox.lightsourcebp.com\/fr\/partenariats\/collectivites-neutralite-carbone\/\" >Le solaire, alli\u00e9 de la neutralit\u00e9 carbone <span class=\"ml-10\"><svg xmlns=\"http:\/\/www.w3.org\/2000\/svg\" width=\"8\" height=\"14\" fill=\"none\"><path stroke=\"currentColor\" stroke-linecap=\"round\" stroke-linejoin=\"round\" stroke-width=\"2\" d=\"M1 13l6-6-6-6\"\/><\/svg><\/span><\/a><\/p>\n  <\/div>\n                  <div class=\"col-12 col-lg-4 mb-30\">\n  <div class=\"multi-column-cards__image-container\">\n          <a href=\"https:\/\/sandbox.lightsourcebp.com\/fr\/partenariats\/developpeurs-apporteurs-affaires\/\" >\n          <img decoding=\"async\" class=\"w-100 h-300px h-lg-350px object-fit-cover\" src=\"https:\/\/assets.lightsourcebp.com\/app\/uploads\/2022\/10\/26145008\/supporting-greener-fuel-for-a-cleaner-planet-min.jpg\" \/>\n          <\/a>\n      <\/div>\n      <a class=\"text-decoration-none text-decoration-sm-underline-hover\" href=\"https:\/\/sandbox.lightsourcebp.com\/fr\/partenariats\/developpeurs-apporteurs-affaires\/\" >\n        <h5 class=\"mt-25 mb-15 fg-color-navy\">Hydrog\u00e8ne : des carburants plus propres pour une plan\u00e8te plus verte<\/h5>\n      <\/a>\n        <p class=\"line-height-level-6\">Chez Lightsource bp, nous sommes convaincus que le r\u00f4le de l\u2019hydrog\u00e8ne vert dans le mix \u00e9nerg\u00e9tique mondial est essentiel \u00e0 la d\u00e9carbonation du transport. C\u2019est pourquoi nous soutenons activement le d\u00e9veloppement de cette fili\u00e8re en nouant des partenariats avec des producteurs. Gr\u00e2ce \u00e0 nos projets solaires \u00e0 grande \u00e9chelle, ils peuvent s\u2019approvisionner en \u00e9lectricit\u00e9 solaire pour alimenter le processus d\u2019\u00e9lectrolyse qui permet de produire l\u2019hydrog\u00e8ne vert.<\/p>\n        <p><a href=\"https:\/\/sandbox.lightsourcebp.com\/fr\/partenariats\/developpeurs-apporteurs-affaires\/\" >D\u00e9veloppeurs et apporteurs d&#039;affaires <span class=\"ml-10\"><svg xmlns=\"http:\/\/www.w3.org\/2000\/svg\" width=\"8\" height=\"14\" fill=\"none\"><path stroke=\"currentColor\" stroke-linecap=\"round\" stroke-linejoin=\"round\" stroke-width=\"2\" d=\"M1 13l6-6-6-6\"\/><\/svg><\/span><\/a><\/p>\n  <\/div>\n                  <\/div>\n  <\/div>\n\n  <div class=\"pt-60 pt-lg-50\"><\/div>\n<\/section>\n","protected":false},"excerpt":{"rendered":"","protected":false},"author":40,"featured_media":0,"parent":311271,"menu_order":0,"comment_status":"closed","ping_status":"closed","template":"","meta":{"_acf_changed":false,"inline_featured_image":false,"footnotes":""},"class_list":["post-312422","page","type-page","status-publish","hentry"],"acf":[],"aioseo_notices":[],"_links":{"self":[{"href":"https:\/\/sandbox.lightsourcebp.com\/fr\/wp-json\/wp\/v2\/pages\/312422","targetHints":{"allow":["GET"]}}],"collection":[{"href":"https:\/\/sandbox.lightsourcebp.com\/fr\/wp-json\/wp\/v2\/pages"}],"about":[{"href":"https:\/\/sandbox.lightsourcebp.com\/fr\/wp-json\/wp\/v2\/types\/page"}],"author":[{"embeddable":true,"href":"https:\/\/sandbox.lightsourcebp.com\/fr\/wp-json\/wp\/v2\/users\/40"}],"replies":[{"embeddable":true,"href":"https:\/\/sandbox.lightsourcebp.com\/fr\/wp-json\/wp\/v2\/comments?post=312422"}],"version-history":[{"count":160,"href":"https:\/\/sandbox.lightsourcebp.com\/fr\/wp-json\/wp\/v2\/pages\/312422\/revisions"}],"predecessor-version":[{"id":436082,"href":"https:\/\/sandbox.lightsourcebp.com\/fr\/wp-json\/wp\/v2\/pages\/312422\/revisions\/436082"}],"up":[{"embeddable":true,"href":"https:\/\/sandbox.lightsourcebp.com\/fr\/wp-json\/wp\/v2\/pages\/311271"}],"wp:attachment":[{"href":"https:\/\/sandbox.lightsourcebp.com\/fr\/wp-json\/wp\/v2\/media?parent=312422"}],"curies":[{"name":"wp","href":"https:\/\/api.w.org\/{rel}","templated":true}]}}