{"id":103555,"date":"2022-12-06T13:00:09","date_gmt":"2022-12-06T13:00:09","guid":{"rendered":"https:\/\/www.lightsourcebp.com\/?page_id=103555"},"modified":"2025-09-16T09:31:02","modified_gmt":"2025-09-16T09:31:02","slug":"biodiversidad","status":"publish","type":"page","link":"https:\/\/sandbox.lightsourcebp.com\/es\/biodiversidad\/","title":{"rendered":"Biodiversidad"},"content":{"rendered":"<section class=\"block-page-title bg-color-white\">\n  <div class=\"pt-60 pt-lg-100\"><\/div>\n\n  <div class=\"container\">\n    <div class=\"row\">\n      <div class=\"col-12\">\n                <h1 class=\"fg-color-gradient\">Biodiversidad<\/h1>\n      <\/div>\n    <\/div>\n  <\/div>\n\n  <div class=\"pt-60 pt-lg-100\"><\/div>\n<\/section>\n  \n\n\n<section class=\"banner-single position-relative\">\n  <div class=\"container-fluid\">\n    <div class=\"row\">\n      <div class=\"col-12 px-0\">\n                <div class=\"position-relative w-100 h-100 aspect-ratio-banner object-fit-cover\">\n          <picture>\n                    <source srcset=\"https:\/\/assets.lightsourcebp.com\/app\/uploads\/2022\/12\/27203013\/Bee-pic-1-5-aspect-ratio-450-490-450x490.jpg, https:\/\/assets.lightsourcebp.com\/app\/uploads\/2022\/12\/27203013\/Bee-pic-1-5-aspect-ratio-450-490-1000x1088.jpg 2x\"\n                          media=\"(max-width: 575px)\">\n                    <source srcset=\"https:\/\/assets.lightsourcebp.com\/app\/uploads\/2022\/12\/26170524\/Bee-pic-1-5-1000x806.jpg, https:\/\/assets.lightsourcebp.com\/app\/uploads\/2022\/12\/26170524\/Bee-pic-1-5-1920x1548.jpg 2x\"\n                          media=\"(min-width: 576px) and (max-width: 991px)\">\n                    <source srcset=\"https:\/\/assets.lightsourcebp.com\/app\/uploads\/2022\/12\/26170524\/Bee-pic-1-5.jpg, https:\/\/assets.lightsourcebp.com\/app\/uploads\/2022\/12\/26170524\/Bee-pic-1-5.jpg 2x\"\n                          media=\"(min-width: 992px)\">\n                    <img loading=\"lazy\" decoding=\"async\" src=\"https:\/\/assets.lightsourcebp.com\/app\/uploads\/2022\/12\/26170524\/Bee-pic-1-5.jpg\" alt=\"\"\n                       srcset=\"https:\/\/assets.lightsourcebp.com\/app\/uploads\/2022\/12\/26170524\/Bee-pic-1-5.jpg 2x\"\n                       sizes=\"auto, 100vw\"\n                       class=\"position-absolute w-100 h-100 left-0 top-0 object-fit-cover\"\n                       width=\"2232\"\n                       height=\"1800\">\n                <\/picture>\n        <\/div>\n              <\/div>\n    <\/div>\n  <\/div>\n<\/section>\n\n\n<section class=\"text align block_acf-block-687fa5cb81743 block bg-color-white position-relative z-1 overflow-hidden\">\n    <div class=\"pt-60 pt-lg-100\"><\/div>\n\n  \n  <div class=\"container \">\n    <div class=\"row\">\n      <div class=\"col-12\">\n        <span class=\"rich-text standard-text fg-color-navy\">\n          <h2>Una mejora de la biodiversidad hecha a medida para los h\u00e1bitats de Espa\u00f1a<\/h2>\n<p>Espa\u00f1a es uno de los pa\u00edses con m\u00e1s biodiversidad de Europa: alberga m\u00e1s de la mitad de todos los h\u00e1bitats europeos y m\u00e1s de la mitad de todas las especies de fauna que existen actualmente en el continente. Por todo el pa\u00eds existen varios puntos de alta densidad que destacan a nivel mundial por su biodiversidad. En Lightsource bp nos comprometemos a preservar la biodiversidad espa\u00f1ola a trav\u00e9s de una serie de iniciativas dise\u00f1adas a medida.<\/p>\n\n        <\/span>\n      <\/div>\n    <\/div>\n  <\/div>\n\n  <div class=\"pt-60 pt-lg-100\"><\/div>\n<\/section>\n\n\n<section class=\"fifty-fifty align block_acf-block-689dbb958f6d2 block bg-color-white position-relative z-1 overflow-hidden\">\n        <div class=\"pt-0 pt-lg-0\"><\/div>\n  \n    \n    <div class=\"fifty-fifty__row\">\n      <div class=\"container \">\n        <div class=\"row align-items-center\">\n                      <div class=\"col-12 col-lg-6 align-self-center fifty-left d-flex flex-column order-2 order-lg-1\">\n                                                                                                                <div class=\"flex flex-column w-100 mb-30 fifty-fifty__image\">\n                    <picture><source srcset=\"https:\/\/assets.lightsourcebp.com\/app\/uploads\/2022\/12\/27211512\/IL20210120095052-DSC_7841-scaled-527x702-2-e1670537492967.jpg\"><img loading=\"lazy\" decoding=\"async\" src=\"https:\/\/assets.lightsourcebp.com\/app\/uploads\/2022\/12\/27211512\/IL20210120095052-DSC_7841-scaled-527x702-2-e1670537492967.jpg\" alt=\"\" width=\"527\" height=\"702\" class=\"d-flex max-w-100 w-100 h-auto mx-auto fit-cover rounded-10px\"><\/picture>\n                  <\/div>\n                                                          <\/div>\n                                <div class=\"col-12 col-lg-6 align-self-center fifty-right d-flex flex-column mb-lg-0 mt-lg-0 order-3 order-lg-1  mt-15 \">\n                                                                <div class=\"flex flex-column w-100 line-height-level-6 mb-15 fifty-fifty__text font-size-paragraph-medium  fg-color-navy-text \">\n\n                    <h2>Creaci\u00f3n de h\u00e1bitat para los polinizadores<\/h2>\n<p>Una creciente poblaci\u00f3n de insectos impulsa la polinizaci\u00f3n y la biodiversidad en torno a las plantas solares y esto es crucial para garantizar un futuro sostenible, tanto en Espa\u00f1a como en el resto del mundo. Lamentablemente, a nivel mundial estamos asistiendo a un alarmante descenso de las poblaciones de insectos polinizadores, debido en gran parte a la desaparici\u00f3n de sus h\u00e1bitats. Las plantas silvestres son esenciales para las poblaciones de polinizadores que, a su vez, impulsan la producci\u00f3n agr\u00edcola. Uno de los objetivos principales de la Estrategia de la UE sobre Biodiversidad para 2030 es revertir esta situaci\u00f3n, manteniendo y mejorando los ecosistemas en peligro de extinci\u00f3n.<\/p>\n<p>Los parques fotovoltaicos pueden ser un h\u00e1bitat id\u00f3neo para los polinizadores, como las abejas y las mariposas. Estos terrenos permanecen pr\u00e1cticamente intactos durante todo el a\u00f1o y pueden propiciar el crecimiento de flores silvestres y otra vegetaci\u00f3n. Los proyectos solares de Lightsource bp en Espa\u00f1a se desarrollan con unos Planes de seguimiento medioambiental y de la biodiversidad confeccionados a medida, que incluyen unos minuciosos programas de plantaci\u00f3n. Con frecuencia sembramos en nuestros proyectos diferentes especies locales de pastos y mezclas de flores que ofrecen una importante fuente de alimento para los polinizadores e insectos aut\u00f3ctonos.<\/p>\n\n                  <\/div>\n                                                                                                                          <\/div>\n                  <\/div>\n      <\/div>\n    <\/div>\n\n  <div class=\"pt-0 pt-lg-0\"><\/div>\n    <\/section>\n\n\n<section class=\"fifty-fifty align block_acf-block-689dbb958fb85 block bg-color-white position-relative z-1 overflow-hidden\">\n        <div class=\"pt-0 pt-lg-0\"><\/div>\n  \n    \n    <div class=\"fifty-fifty__row\">\n      <div class=\"container \">\n        <div class=\"row align-items-center\">\n                      <div class=\"col-12 col-lg-6 align-self-center fifty-left d-flex flex-column order-2 order-lg-1\">\n                                                                <div class=\"flex flex-column w-100 line-height-level-6 mb-15 fifty-fifty__text font-size-paragraph-medium  fg-color-navy-text \">\n                    <h2>Plantaci\u00f3n, sembrado y protecci\u00f3n del paisaje<\/h2>\n<p>El dise\u00f1o de nuestros proyectos en Espa\u00f1a est\u00e1 concebido para mantener y proteger los importantes h\u00e1bitats existentes e incluye la plantaci\u00f3n de vegetaci\u00f3n adicional entre las instalaciones y en su per\u00edmetro. En la plantaci\u00f3n de \u00e1rboles y arbustos nuevos utilizamos \u00fanicamente especies locales que ofrecen un h\u00e1bitat a la flora y la fauna de la zona, adem\u00e1s de fomentar la integraci\u00f3n visual natural.<\/p>\n<h2>Mejora del h\u00e1bitat<\/h2>\n<p>Los proyectos solares constituyen excelentes h\u00e1bitats para numerosas especies de fauna, puesto que el terreno permanece sin alterar durante d\u00e9cadas y protegido frente a la explotaci\u00f3n humana y a las amenazas de predadores. Adem\u00e1s, con frecuencia instalamos:<\/p>\n<ul>\n<li><strong>Pasos\/aberturas para mam\u00edferos<\/strong> en el vallado perimetral para permitir a los peque\u00f1os mam\u00edferos acceder al parque solar<\/li>\n<li><strong>Cajas-nido para p\u00e1jaros y murci\u00e9lagos\u00a0<\/strong>que les proporcionan un refugio adicional donde protegerse y criar<\/li>\n<li><strong>Refugios para reptiles,\u00a0<\/strong>que ofrecen un cobijo seguro para lagartos y otros reptiles<\/li>\n<li><strong>Hoteles de insectos,<\/strong>\u00a0que fomentan y apoyan la existencia de poblaciones de invertebrados<\/li>\n<\/ul>\n\n                  <\/div>\n                                                                                                          <\/div>\n                                <div class=\"col-12 col-lg-6 align-self-center fifty-right d-flex flex-column mb-lg-0 mt-lg-0 order-3 order-lg-1  mt-15 \">\n                                                                                                                <div class=\"flex flex-column w-100 mb-30 fifty-fifty__image\">\n                    <picture><source srcset=\"https:\/\/assets.lightsourcebp.com\/app\/uploads\/2022\/12\/27211541\/2021-04-07-07.29.50-VENDIMIA-Plonsky-Cam-A-1482-Edit-MED-scaled-e1627896791593-3.jpg 2560w, https:\/\/assets.lightsourcebp.com\/app\/uploads\/2022\/12\/27211541\/2021-04-07-07.29.50-VENDIMIA-Plonsky-Cam-A-1482-Edit-MED-scaled-e1627896791593-3-300x173.jpg 300w, https:\/\/assets.lightsourcebp.com\/app\/uploads\/2022\/12\/27211541\/2021-04-07-07.29.50-VENDIMIA-Plonsky-Cam-A-1482-Edit-MED-scaled-e1627896791593-3-1024x591.jpg 1024w, https:\/\/assets.lightsourcebp.com\/app\/uploads\/2022\/12\/27211541\/2021-04-07-07.29.50-VENDIMIA-Plonsky-Cam-A-1482-Edit-MED-scaled-e1627896791593-3-80x46.jpg 80w, https:\/\/assets.lightsourcebp.com\/app\/uploads\/2022\/12\/27211541\/2021-04-07-07.29.50-VENDIMIA-Plonsky-Cam-A-1482-Edit-MED-scaled-e1627896791593-3-150x87.jpg 150w, https:\/\/assets.lightsourcebp.com\/app\/uploads\/2022\/12\/27211541\/2021-04-07-07.29.50-VENDIMIA-Plonsky-Cam-A-1482-Edit-MED-scaled-e1627896791593-3-450x260.jpg 450w, https:\/\/assets.lightsourcebp.com\/app\/uploads\/2022\/12\/27211541\/2021-04-07-07.29.50-VENDIMIA-Plonsky-Cam-A-1482-Edit-MED-scaled-e1627896791593-3-767x443.jpg 767w, https:\/\/assets.lightsourcebp.com\/app\/uploads\/2022\/12\/27211541\/2021-04-07-07.29.50-VENDIMIA-Plonsky-Cam-A-1482-Edit-MED-scaled-e1627896791593-3-1000x577.jpg 1000w, https:\/\/assets.lightsourcebp.com\/app\/uploads\/2022\/12\/27211541\/2021-04-07-07.29.50-VENDIMIA-Plonsky-Cam-A-1482-Edit-MED-scaled-e1627896791593-3-1200x692.jpg 1200w, https:\/\/assets.lightsourcebp.com\/app\/uploads\/2022\/12\/27211541\/2021-04-07-07.29.50-VENDIMIA-Plonsky-Cam-A-1482-Edit-MED-scaled-e1627896791593-3-1600x923.jpg 1600w, https:\/\/assets.lightsourcebp.com\/app\/uploads\/2022\/12\/27211541\/2021-04-07-07.29.50-VENDIMIA-Plonsky-Cam-A-1482-Edit-MED-scaled-e1627896791593-3-1920x1108.jpg 1920w\" sizes=\"100vw\"><img loading=\"lazy\" decoding=\"async\" src=\"https:\/\/assets.lightsourcebp.com\/app\/uploads\/2022\/12\/27211541\/2021-04-07-07.29.50-VENDIMIA-Plonsky-Cam-A-1482-Edit-MED-scaled-e1627896791593-3.jpg\" alt=\"\" width=\"2560\" height=\"1477\" class=\"d-flex max-w-100 w-100 h-auto mx-auto fit-cover rounded-10px\"><\/picture>\n                  <\/div>\n                                                                          <\/div>\n                  <\/div>\n      <\/div>\n    <\/div>\n\n  <div class=\"pt-0 pt-lg-0\"><\/div>\n    <\/section>\n\n\n<section class=\"fifty-fifty align block_acf-block-689dbb9590031 block bg-color-white position-relative z-1 overflow-hidden\">\n        <div class=\"pt-0 pt-lg-0\"><\/div>\n  \n    \n    <div class=\"fifty-fifty__row\">\n      <div class=\"container \">\n        <div class=\"row align-items-center\">\n                      <div class=\"col-12 col-lg-6 align-self-center fifty-left d-flex flex-column order-2 order-lg-1\">\n                                                                                                                <div class=\"flex flex-column w-100 mb-30 fifty-fifty__image\">\n                    <picture><source srcset=\"https:\/\/assets.lightsourcebp.com\/app\/uploads\/2022\/12\/28221151\/rectangle-166-1.jpg 624w, https:\/\/assets.lightsourcebp.com\/app\/uploads\/2022\/12\/28221151\/rectangle-166-1-300x189.jpg 300w, https:\/\/assets.lightsourcebp.com\/app\/uploads\/2022\/12\/28221151\/rectangle-166-1-80x50.jpg 80w, https:\/\/assets.lightsourcebp.com\/app\/uploads\/2022\/12\/28221151\/rectangle-166-1-150x94.jpg 150w, https:\/\/assets.lightsourcebp.com\/app\/uploads\/2022\/12\/28221151\/rectangle-166-1-450x283.jpg 450w\" sizes=\"100vw\"><img loading=\"lazy\" decoding=\"async\" src=\"https:\/\/assets.lightsourcebp.com\/app\/uploads\/2022\/12\/28221151\/rectangle-166-1.jpg\" alt=\"Bird in solar farm\" width=\"624\" height=\"393\" class=\"d-flex max-w-100 w-100 h-auto mx-auto fit-cover rounded-10px\"><\/picture>\n                  <\/div>\n                                                          <\/div>\n                                <div class=\"col-12 col-lg-6 align-self-center fifty-right d-flex flex-column mb-lg-0 mt-lg-0 order-3 order-lg-1  mt-15 \">\n                                                                <div class=\"flex flex-column w-100 line-height-level-6 mb-15 fifty-fifty__text font-size-paragraph-medium  fg-color-navy-text \">\n\n                    <h2>Protecci\u00f3n de las aves<\/h2>\n<p>La Pen\u00ednsula Ib\u00e9rica cuenta con numerosos puntos de alta \u00a0diversidad biol\u00f3gica que destacan por su riqueza en especies de aves aut\u00f3ctonas. Algunas de ellas son especialmente sensibles a ciertos elementos de las infraestructuras que rodean los proyectos solares. Lightsource bp se compromete a proteger la biodiversidad de Espa\u00f1a y aplicando en nuestros proyectos medidas de mitigaci\u00f3n encaminadas a minimizar o, incluso, eliminar, los posibles efectos que puedan tener sobre este grupo de especies de la fauna. Algunas de esas medidas son:<\/p>\n<ul>\n<li>Instalaci\u00f3n de dispositivos salvap\u00e1jaros en las l\u00edneas de evacuaci\u00f3n a\u00e9reas<\/li>\n<li>Enterramiento parcial de las l\u00edneas de evacuaci\u00f3n en \u00e1reas especialmente sensibles<\/li>\n<li>Dejar terrenos en barbecho en los alrededores del proyecto solar para permitir el desarrollo de h\u00e1bitats naturales de pradera para las especies locales como las aves esteparias<\/li>\n<li>Flexibilizaci\u00f3n de las obras de construcci\u00f3n para evitar las \u00e9pocas de cr\u00eda especialmente sensibles para determinadas especies<\/li>\n<li>Instalaci\u00f3n de cajas-nido y elementos de nidificaci\u00f3n para determinadas especies de aves vulnerables a los depredadores<\/li>\n<\/ul>\n\n                  <\/div>\n                                                                                                                          <\/div>\n                  <\/div>\n      <\/div>\n    <\/div>\n\n  <div class=\"pt-0 pt-lg-0\"><\/div>\n    <\/section>\n\n\n<section class=\"text align block_acf-block-689dbb9590585 block bg-color-white position-relative z-1 overflow-hidden\">\n    <div class=\"pt-0 pt-lg-0\"><\/div>\n  \n  \n  <div class=\"container \">\n    <div class=\"row\">\n      <div class=\"col-12\">\n        <span class=\"rich-text standard-text fg-color-navy\">\n          <h2>Nuestro compromiso<\/h2>\n<p>Antes de emprender la construcci\u00f3n de cualquier proyecto en Espa\u00f1a, Lightsource bp se compromete a contratar a un equipo de especialistas ambientales debidamente cualificado para llevar a cabo una evaluaci\u00f3n de las opciones m\u00e1s adecuadas en el emplazamiento para promover y fomentar la biodiversidad local. Dichos profesionales elaborar\u00e1n los estudios pertinentes para determinar la biodiversidad de la zona y proponer las medidas de gesti\u00f3n de la biodiversidad que pretenden llevarse a cabo espec\u00edficamente en esa planta fotovoltaica, as\u00ed como las medidas de mejora que van a adoptarse, junto con los programas de mantenimiento y seguimiento ambiental a largo plazo que garanticen un impacto positivo en el entorno local.<\/p>\n<p>Para descubrir m\u00e1s sobre nuestro compromiso con la sostenibilidad en Espa\u00f1a y en el resto del mundo consulta nuestra p\u00e1gina de <a href=\"https:\/\/www.lightsourcebp.com\/es\/sostenibilidad\/\">Sostenibilidad<\/a>.<\/p>\n\n        <\/span>\n      <\/div>\n    <\/div>\n  <\/div>\n\n  <div class=\"pt-0 pt-lg-0\"><\/div>\n  <\/section>\n\n\n<section class=\"fifty-fifty align block_acf-block-689dbb9590ad7 block bg-color-white position-relative z-1 overflow-hidden\">\n        <div class=\"pt-0 pt-lg-0\"><\/div>\n  \n    \n    <div class=\"fifty-fifty__row\">\n      <div class=\"container \">\n        <div class=\"row align-items-center\">\n                      <div class=\"col-12 col-lg-6 align-self-center fifty-left d-flex flex-column order-2 order-lg-1\">\n                                                                                                  <div class=\"d-inline-flex w-100 button-container mb-15\">\n                    <a class=\"button button--gradient my-0 mr-auto\" href=\"https:\/\/www.lightsourcebp.com\/app\/uploads\/2023\/01\/Biodiversity-Brochure-2022-Spain.pdf\" target=\"_blank\"><span>Consulta nuestros casos de \u00e9xito<\/span> <svg xmlns=\"http:\/\/www.w3.org\/2000\/svg\" width=\"24\" height=\"24\" fill=\"none\"><path stroke=\"currentColor\" stroke-linecap=\"round\" stroke-linejoin=\"round\" stroke-width=\"2\" d=\"M21 15v4a2 2 0 0 1-2 2H5a2 2 0 0 1-2-2v-4m4-5 5 5 5-5m-5 5V3\"\/><\/svg><\/a>\n                  <\/div>\n                                                                                          <\/div>\n                                <div class=\"col-12 col-lg-6 align-self-center fifty-right d-flex flex-column mb-lg-0 mt-lg-0 order-3 order-lg-1  mt-15 \">\n                                                                                                                                                        <\/div>\n                  <\/div>\n      <\/div>\n    <\/div>\n\n  <div class=\"pt-0 pt-lg-0\"><\/div>\n    <\/section>\n\n\n<section class=\"accordion align pt-60 pt-lg-15 block_acf-block-68c92e549ce2d block\">\n    <div class=\"pt-15 pt-lg-15\"><\/div>\n\n  <div class=\"container \">\n          <h2 class=\"fg-color-navy\">Preguntas sobre biodiversidad y cuidado del h\u00e1bitat<\/h2>\n    \n    <div class=\"row\">\n      <ul class=\"accordion d-block list-style-none\" data-accordion data-accordion-multi-expand=\"\"   itemid=\"preguntas-sobre-biodiversidad-y-cuidado-del-habitat\" >\n                  <li class=\"accordion-item border-1px border-solid border-right-0 border-left-0 border-color-beige\" data-accordion-item  itemscope itemprop=\"mainEntity\" itemtype=\"https:\/\/schema.org\/Question\" >\n  <a href=\"#\" class=\"accordion-item__title d-block position-relative text-decoration-none font-size-paragraph-large line-height-level-5 py-20 px-17\"><span  itemprop=\"name\"  >\u00bfPuede crecer la vegetaci\u00f3n en una planta fotovoltaica? <\/span> <\/a>\n  <div class=\"accordion-item__content-wrapper overflow-hidden\" data-accordion-content  itemscope itemprop=\"acceptedAnswer\" itemtype=\"https:\/\/schema.org\/Answer\" >\n    <div class=\"accordion-item__content py-30 px-17 max-w-1055px\"  itemprop=\"text\" >\n      <p>S\u00ed, la vegetaci\u00f3n crece perfectamente en una planta fotovoltaica, en particular especies herb\u00e1ceas y flores silvestres.\u00a0Adem\u00e1s, los paneles solares est\u00e1n ubicados en estructuras que se asientan sobre postes, dejando libre el suelo bajo los m\u00f3dulos y entre las filas. Las filas de paneles solares, de poste a poste, de este a oeste, est\u00e1n separadas m\u00e1s de 5 metros.<\/p>\n\n\n    <\/div>\n  <\/div>\n<\/li>\n                  <li class=\"accordion-item border-1px border-solid border-right-0 border-left-0 border-color-beige\" data-accordion-item  itemscope itemprop=\"mainEntity\" itemtype=\"https:\/\/schema.org\/Question\" >\n  <a href=\"#\" class=\"accordion-item__title d-block position-relative text-decoration-none font-size-paragraph-large line-height-level-5 py-20 px-17\"><span  itemprop=\"name\"  >\u00bfEstar\u00e1 vallado el recinto de los paneles solares?, \u00bfqu\u00e9 tipo de vallado?  <\/span> <\/a>\n  <div class=\"accordion-item__content-wrapper overflow-hidden\" data-accordion-content  itemscope itemprop=\"acceptedAnswer\" itemtype=\"https:\/\/schema.org\/Answer\" >\n    <div class=\"accordion-item__content py-30 px-17 max-w-1055px\"  itemprop=\"text\" >\n      <p>S\u00ed, en el per\u00edmetro de la planta fotovoltaica se instalar\u00e1 una pantalla vegetal de al menos 5 metros de anchura de \u00e1rboles y arbustos aut\u00f3ctonos que reducir\u00e1 el impacto visual. La valla cineg\u00e9tica es apta para el paso de la fauna presente en la zona.<\/p>\n\n\n    <\/div>\n  <\/div>\n<\/li>\n              <\/ul>\n    <\/div>\n  <\/div>\n\n  <div class=\"pt-60 pt-lg-100\"><\/div>\n<\/section>\n","protected":false},"excerpt":{"rendered":"","protected":false},"author":33,"featured_media":0,"parent":0,"menu_order":0,"comment_status":"closed","ping_status":"closed","template":"","meta":{"_acf_changed":false,"inline_featured_image":false,"footnotes":""},"class_list":["post-103555","page","type-page","status-publish","hentry"],"acf":[],"aioseo_notices":[],"_links":{"self":[{"href":"https:\/\/sandbox.lightsourcebp.com\/es\/wp-json\/wp\/v2\/pages\/103555","targetHints":{"allow":["GET"]}}],"collection":[{"href":"https:\/\/sandbox.lightsourcebp.com\/es\/wp-json\/wp\/v2\/pages"}],"about":[{"href":"https:\/\/sandbox.lightsourcebp.com\/es\/wp-json\/wp\/v2\/types\/page"}],"author":[{"embeddable":true,"href":"https:\/\/sandbox.lightsourcebp.com\/es\/wp-json\/wp\/v2\/users\/33"}],"replies":[{"embeddable":true,"href":"https:\/\/sandbox.lightsourcebp.com\/es\/wp-json\/wp\/v2\/comments?post=103555"}],"version-history":[{"count":29,"href":"https:\/\/sandbox.lightsourcebp.com\/es\/wp-json\/wp\/v2\/pages\/103555\/revisions"}],"predecessor-version":[{"id":471717,"href":"https:\/\/sandbox.lightsourcebp.com\/es\/wp-json\/wp\/v2\/pages\/103555\/revisions\/471717"}],"wp:attachment":[{"href":"https:\/\/sandbox.lightsourcebp.com\/es\/wp-json\/wp\/v2\/media?parent=103555"}],"curies":[{"name":"wp","href":"https:\/\/api.w.org\/{rel}","templated":true}]}}