{"id":162797,"date":"2022-11-23T17:57:30","date_gmt":"2022-11-23T17:57:30","guid":{"rendered":"https:\/\/www.lightsourcebp.com\/health-safety-security-environment\/"},"modified":"2022-11-23T17:57:30","modified_gmt":"2022-11-23T17:57:30","slug":"health-safety-security-environment","status":"publish","type":"page","link":"https:\/\/sandbox.lightsourcebp.com\/br\/health-safety-security-environment\/","title":{"rendered":"Sa\u00fade Seguran\u00e7a Seguran\u00e7a Ambiente"},"content":{"rendered":"<section class=\"block-page-title bg-color-white\">\n  <div class=\"pt-60 pt-lg-100\"><\/div>\n\n  <div class=\"container\">\n    <div class=\"row\">\n      <div class=\"col-12\">\n                <h1 class=\"fg-color-gradient\">Sa\u00fade Seguran\u00e7a Seguran\u00e7a Ambiente<\/h1>\n      <\/div>\n    <\/div>\n  <\/div>\n\n  <div class=\"pt-60 pt-lg-100\"><\/div>\n<\/section>\n  \n\n\n<section class=\"text align block_637e5ed705058 block bg-color-white position-relative z-1 overflow-hidden\">\n    <div class=\"pt-0 pt-lg-0\"><\/div>\n  \n  \n  <div class=\"container \">\n    <div class=\"row\">\n      <div class=\"col-12\">\n        <span class=\"rich-text standard-text fg-color-navy\">\n          <p>A Lightsource bp tem o compromisso de n\u00e3o causar acidentes, manter a sa\u00fade e a seguran\u00e7a de nossos funcion\u00e1rios, prevenir danos \u00e0queles que possam ser afetados pelas opera\u00e7\u00f5es da Lightsource bp e proteger o meio ambiente. Nosso compromisso com HSSE \u00e9 uma prioridade m\u00e1xima. Por favor, leia nossa pol\u00edtica para saber mais.<\/p>\n\n        <\/span>\n      <\/div>\n    <\/div>\n  <\/div>\n\n  <div class=\"pt-30 pt-lg-30\"><\/div>\n<\/section>\n\n\n<section class=\"fifty-fifty align block_637e5eec05059 block bg-color-white position-relative z-1 overflow-hidden\">\n        <div class=\"pt-15 pt-lg-15\"><\/div>\n\n    \n    <div class=\"fifty-fifty__row\">\n      <div class=\"container \">\n        <div class=\"row align-items-center\">\n                      <div class=\"col-12 col-lg-6 align-self-center fifty-left d-flex flex-column order-2 order-lg-1\">\n                                                                                                  <div class=\"d-inline-flex w-100 button-container mb-15\">\n                    <a class=\"button button--gradient my-0 mr-auto\" href=\"https:\/\/www.lightsourcebp.com\/app\/uploads\/2022\/11\/LSbp-Integrated-HSE-Policy-20220315.pdf\" target=\"_blank\"><span>Sa\u00fade, seguran\u00e7a, prote\u00e7\u00e3o e meio ambiente<\/span> <svg xmlns=\"http:\/\/www.w3.org\/2000\/svg\" width=\"24\" height=\"24\" fill=\"none\"><path stroke=\"currentColor\" stroke-linecap=\"round\" stroke-linejoin=\"round\" stroke-width=\"2\" d=\"M21 15v4a2 2 0 0 1-2 2H5a2 2 0 0 1-2-2v-4m4-5 5 5 5-5m-5 5V3\"\/><\/svg><\/a>\n                  <\/div>\n                                                                                          <\/div>\n                            <\/div>\n      <\/div>\n    <\/div>\n\n  <div class=\"pt-60 pt-lg-100\"><\/div>\n  <\/section>\n","protected":false},"excerpt":{"rendered":"","protected":false},"author":33,"featured_media":439374,"parent":0,"menu_order":0,"comment_status":"closed","ping_status":"closed","template":"","meta":{"_acf_changed":false,"inline_featured_image":false,"footnotes":""},"class_list":["post-162797","page","type-page","status-publish","has-post-thumbnail","hentry"],"acf":[],"aioseo_notices":[],"_links":{"self":[{"href":"https:\/\/sandbox.lightsourcebp.com\/br\/wp-json\/wp\/v2\/pages\/162797","targetHints":{"allow":["GET"]}}],"collection":[{"href":"https:\/\/sandbox.lightsourcebp.com\/br\/wp-json\/wp\/v2\/pages"}],"about":[{"href":"https:\/\/sandbox.lightsourcebp.com\/br\/wp-json\/wp\/v2\/types\/page"}],"author":[{"embeddable":true,"href":"https:\/\/sandbox.lightsourcebp.com\/br\/wp-json\/wp\/v2\/users\/33"}],"replies":[{"embeddable":true,"href":"https:\/\/sandbox.lightsourcebp.com\/br\/wp-json\/wp\/v2\/comments?post=162797"}],"version-history":[{"count":0,"href":"https:\/\/sandbox.lightsourcebp.com\/br\/wp-json\/wp\/v2\/pages\/162797\/revisions"}],"wp:featuredmedia":[{"embeddable":true,"href":"https:\/\/sandbox.lightsourcebp.com\/br\/wp-json\/wp\/v2\/media\/439374"}],"wp:attachment":[{"href":"https:\/\/sandbox.lightsourcebp.com\/br\/wp-json\/wp\/v2\/media?parent=162797"}],"curies":[{"name":"wp","href":"https:\/\/api.w.org\/{rel}","templated":true}]}}