{"id":162793,"date":"2022-11-28T15:08:41","date_gmt":"2022-11-28T15:08:41","guid":{"rendered":"https:\/\/www.lightsourcebp.com\/section-172-statement\/"},"modified":"2022-11-28T15:08:41","modified_gmt":"2022-11-28T15:08:41","slug":"section-172-statement","status":"publish","type":"page","link":"https:\/\/sandbox.lightsourcebp.com\/br\/section-172-statement\/","title":{"rendered":"Se\u00e7\u00e3o 172 Declara\u00e7\u00e3o"},"content":{"rendered":"<section class=\"block-page-title bg-color-white\">\n  <div class=\"pt-60 pt-lg-100\"><\/div>\n\n  <div class=\"container\">\n    <div class=\"row\">\n      <div class=\"col-12\">\n                <h1 class=\"fg-color-gradient\">Se\u00e7\u00e3o 172 Declara\u00e7\u00e3o<\/h1>\n      <\/div>\n    <\/div>\n  <\/div>\n\n  <div class=\"pt-60 pt-lg-100\"><\/div>\n<\/section>\n  \n\n\n<section class=\"text align block_637e5e49c6361 block bg-color-white position-relative z-1 overflow-hidden\">\n    <div class=\"pt-0 pt-lg-0\"><\/div>\n  \n  \n  <div class=\"container \">\n    <div class=\"row\">\n      <div class=\"col-12\">\n        <span class=\"rich-text standard-text fg-color-navy\">\n          <p>A Lei das Sociedades de 2006 (conforme alterada pelos Regulamentos das Sociedades (Relat\u00f3rios Diversos) de 2018) (a \u201cLei\u201d) exige que a Lightsource bp Renewable Energy Investments Limited (a \u201cEmpresa\u201d) publique uma declara\u00e7\u00e3o explicando como os Conselheiros deram a devida aten\u00e7\u00e3o aos assuntos estabelecidos na se\u00e7\u00e3o 172 (1) (a) a (f) da Lei enquanto cumprem seu dever de promover o sucesso da Empresa em benef\u00edcio de seus membros como um todo (\u201cDeclara\u00e7\u00e3o da Se\u00e7\u00e3o 172\u201d).<\/p>\n<p>Abaixo est\u00e1 a declara\u00e7\u00e3o da Se\u00e7\u00e3o 172 para a Empresa capturada por estes Regulamentos.<\/p>\n\n        <\/span>\n      <\/div>\n    <\/div>\n  <\/div>\n\n  <div class=\"pt-30 pt-lg-30\"><\/div>\n<\/section>\n\n\n<section class=\"fifty-fifty align block_637e5e54c6362 block bg-color-white position-relative z-1 overflow-hidden\">\n        <div class=\"pt-0 pt-lg-0\"><\/div>\n  \n    \n    <div class=\"fifty-fifty__row\">\n      <div class=\"container \">\n        <div class=\"row align-items-center\">\n                      <div class=\"col-12 col-lg-6 align-self-center fifty-left d-flex flex-column order-2 order-lg-1\">\n                                                                                                  <div class=\"d-inline-flex w-100 button-container mb-15\">\n                    <a class=\"button button--gradient my-0 mr-auto\" href=\"https:\/\/www.lightsourcebp.com\/app\/uploads\/2022\/11\/Section-172-statement-Lightsource-bp-2022.pdf\" target=\"_blank\"><span>Declara\u00e7\u00e3o da se\u00e7\u00e3o 172<\/span> <svg xmlns=\"http:\/\/www.w3.org\/2000\/svg\" width=\"24\" height=\"24\" fill=\"none\"><path stroke=\"currentColor\" stroke-linecap=\"round\" stroke-linejoin=\"round\" stroke-width=\"2\" d=\"M21 15v4a2 2 0 0 1-2 2H5a2 2 0 0 1-2-2v-4m4-5 5 5 5-5m-5 5V3\"\/><\/svg><\/a>\n                  <\/div>\n                                                                                          <\/div>\n                            <\/div>\n      <\/div>\n    <\/div>\n\n  <div class=\"pt-60 pt-lg-100\"><\/div>\n  <\/section>\n","protected":false},"excerpt":{"rendered":"","protected":false},"author":4,"featured_media":0,"parent":0,"menu_order":0,"comment_status":"closed","ping_status":"closed","template":"","meta":{"_acf_changed":false,"inline_featured_image":false,"footnotes":""},"class_list":["post-162793","page","type-page","status-publish","hentry"],"acf":[],"aioseo_notices":[],"_links":{"self":[{"href":"https:\/\/sandbox.lightsourcebp.com\/br\/wp-json\/wp\/v2\/pages\/162793","targetHints":{"allow":["GET"]}}],"collection":[{"href":"https:\/\/sandbox.lightsourcebp.com\/br\/wp-json\/wp\/v2\/pages"}],"about":[{"href":"https:\/\/sandbox.lightsourcebp.com\/br\/wp-json\/wp\/v2\/types\/page"}],"author":[{"embeddable":true,"href":"https:\/\/sandbox.lightsourcebp.com\/br\/wp-json\/wp\/v2\/users\/4"}],"replies":[{"embeddable":true,"href":"https:\/\/sandbox.lightsourcebp.com\/br\/wp-json\/wp\/v2\/comments?post=162793"}],"version-history":[{"count":1,"href":"https:\/\/sandbox.lightsourcebp.com\/br\/wp-json\/wp\/v2\/pages\/162793\/revisions"}],"predecessor-version":[{"id":274253,"href":"https:\/\/sandbox.lightsourcebp.com\/br\/wp-json\/wp\/v2\/pages\/162793\/revisions\/274253"}],"wp:attachment":[{"href":"https:\/\/sandbox.lightsourcebp.com\/br\/wp-json\/wp\/v2\/media?parent=162793"}],"curies":[{"name":"wp","href":"https:\/\/api.w.org\/{rel}","templated":true}]}}